{"id":1735,"date":"2022-10-31T08:10:02","date_gmt":"2022-10-31T07:10:02","guid":{"rendered":"https:\/\/revista.glifing.com\/40-nos-recomiendan\/"},"modified":"2025-09-24T00:51:36","modified_gmt":"2025-09-23T22:51:36","slug":"ens-recomanen-et-menjade","status":"publish","type":"page","link":"https:\/\/revista.glifing.com\/ca\/ens-recomanen-et-menjade\/","title":{"rendered":"Ens recomanen Et menjad\u00e9!"},"content":{"rendered":"\t\t<div data-elementor-type=\"wp-page\" data-elementor-id=\"1735\" class=\"elementor elementor-1735 elementor-1282\" data-elementor-settings=\"{&quot;ha_cmc_init_switcher&quot;:&quot;no&quot;}\" data-elementor-post-type=\"page\">\n\t\t\t\t\t\t<section data-particle_enable=\"false\" data-particle-mobile-disabled=\"false\" class=\"elementor-section elementor-top-section elementor-element elementor-element-edc49c4 elementor-section-full_width elementor-section-stretched elementor-section-height-default elementor-section-height-default\" data-id=\"edc49c4\" data-element_type=\"section\" data-e-type=\"section\" data-settings=\"{&quot;stretch_section&quot;:&quot;section-stretched&quot;,&quot;_ha_eqh_enable&quot;:false}\">\n\t\t\t\t\t\t<div class=\"elementor-container elementor-column-gap-default\">\n\t\t\t\t\t<div class=\"elementor-column elementor-col-100 elementor-top-column elementor-element elementor-element-dbf24df\" data-id=\"dbf24df\" data-element_type=\"column\" data-e-type=\"column\">\n\t\t\t<div class=\"elementor-widget-wrap elementor-element-populated\">\n\t\t\t\t\t\t<div class=\"elementor-element elementor-element-c475c7e elementor-widget elementor-widget-button\" data-id=\"c475c7e\" data-element_type=\"widget\" data-e-type=\"widget\" data-widget_type=\"button.default\">\n\t\t\t\t<div class=\"elementor-widget-container\">\n\t\t\t\t\t\t\t\t\t<div class=\"elementor-button-wrapper\">\n\t\t\t\t\t<a class=\"elementor-button elementor-size-md\" role=\"button\">\n\t\t\t\t\t\t<span class=\"elementor-button-content-wrapper\">\n\t\t\t\t\t\t\t\t\t<span class=\"elementor-button-text\">Llibres<\/span>\n\t\t\t\t\t<\/span>\n\t\t\t\t\t<\/a>\n\t\t\t\t<\/div>\n\t\t\t\t\t\t\t\t<\/div>\n\t\t\t\t<\/div>\n\t\t\t\t<div class=\"elementor-element elementor-element-ed61c9e elementor-widget__width-inherit elementor-widget elementor-widget-image\" data-id=\"ed61c9e\" data-element_type=\"widget\" data-e-type=\"widget\" data-widget_type=\"image.default\">\n\t\t\t\t<div class=\"elementor-widget-container\">\n\t\t\t\t\t\t\t\t\t\t\t\t\t\t\t<img fetchpriority=\"high\" decoding=\"async\" width=\"2402\" height=\"591\" src=\"https:\/\/revista.glifing.com\/wp-content\/uploads\/2022\/10\/ENS-RECOMANEN-CAT.png\" class=\"attachment-full size-full wp-image-1475\" alt=\"\" srcset=\"https:\/\/revista.glifing.com\/wp-content\/uploads\/2022\/10\/ENS-RECOMANEN-CAT.png 2402w, https:\/\/revista.glifing.com\/wp-content\/uploads\/2022\/10\/ENS-RECOMANEN-CAT-300x74.png 300w, https:\/\/revista.glifing.com\/wp-content\/uploads\/2022\/10\/ENS-RECOMANEN-CAT-1024x252.png 1024w, https:\/\/revista.glifing.com\/wp-content\/uploads\/2022\/10\/ENS-RECOMANEN-CAT-768x189.png 768w, https:\/\/revista.glifing.com\/wp-content\/uploads\/2022\/10\/ENS-RECOMANEN-CAT-1536x378.png 1536w, https:\/\/revista.glifing.com\/wp-content\/uploads\/2022\/10\/ENS-RECOMANEN-CAT-2048x504.png 2048w\" sizes=\"(max-width: 2402px) 100vw, 2402px\" \/>\t\t\t\t\t\t\t\t\t\t\t\t\t\t\t<\/div>\n\t\t\t\t<\/div>\n\t\t\t\t\t<\/div>\n\t\t<\/div>\n\t\t\t\t\t<\/div>\n\t\t<\/section>\n\t\t\t\t<section data-particle_enable=\"false\" data-particle-mobile-disabled=\"false\" class=\"elementor-section elementor-top-section elementor-element elementor-element-e2ee9ad elementor-section-boxed elementor-section-height-default elementor-section-height-default\" data-id=\"e2ee9ad\" data-element_type=\"section\" data-e-type=\"section\" data-settings=\"{&quot;_ha_eqh_enable&quot;:false}\">\n\t\t\t\t\t\t<div class=\"elementor-container elementor-column-gap-default\">\n\t\t\t\t\t<div class=\"elementor-column elementor-col-100 elementor-top-column elementor-element elementor-element-3f866f9\" data-id=\"3f866f9\" data-element_type=\"column\" data-e-type=\"column\">\n\t\t\t<div class=\"elementor-widget-wrap elementor-element-populated\">\n\t\t\t\t\t\t<div class=\"elementor-element elementor-element-afa380e elementor-widget elementor-widget-text-editor\" data-id=\"afa380e\" data-element_type=\"widget\" data-e-type=\"widget\" data-widget_type=\"text-editor.default\">\n\t\t\t\t<div class=\"elementor-widget-container\">\n\t\t\t\t\t\t\t\t\tRecomanaci\u00f3 de Juani de Haro, directora de la Biblioteca Manuel Serra i Moret de Pineda de Mar (Barcelona)\t\t\t\t\t\t\t\t<\/div>\n\t\t\t\t<\/div>\n\t\t\t\t\t<\/div>\n\t\t<\/div>\n\t\t\t\t\t<\/div>\n\t\t<\/section>\n\t\t\t\t<section data-particle_enable=\"false\" data-particle-mobile-disabled=\"false\" class=\"elementor-section elementor-top-section elementor-element elementor-element-fd6e2c0 elementor-section-boxed elementor-section-height-default elementor-section-height-default\" data-id=\"fd6e2c0\" data-element_type=\"section\" data-e-type=\"section\" data-settings=\"{&quot;_ha_eqh_enable&quot;:false}\">\n\t\t\t\t\t\t<div class=\"elementor-container elementor-column-gap-default\">\n\t\t\t\t\t<div class=\"elementor-column elementor-col-100 elementor-top-column elementor-element elementor-element-7458efb\" data-id=\"7458efb\" data-element_type=\"column\" data-e-type=\"column\">\n\t\t\t<div class=\"elementor-widget-wrap elementor-element-populated\">\n\t\t\t\t\t\t<section data-particle_enable=\"false\" data-particle-mobile-disabled=\"false\" class=\"elementor-section elementor-inner-section elementor-element elementor-element-d074d0b elementor-section-boxed elementor-section-height-default elementor-section-height-default\" data-id=\"d074d0b\" data-element_type=\"section\" data-e-type=\"section\" data-settings=\"{&quot;_ha_eqh_enable&quot;:false}\">\n\t\t\t\t\t\t<div class=\"elementor-container elementor-column-gap-default\">\n\t\t\t\t\t<div class=\"elementor-column elementor-col-50 elementor-inner-column elementor-element elementor-element-194a651\" data-id=\"194a651\" data-element_type=\"column\" data-e-type=\"column\">\n\t\t\t<div class=\"elementor-widget-wrap elementor-element-populated\">\n\t\t\t\t\t\t<div class=\"elementor-element elementor-element-771963a ha-has-bg-overlay elementor-widget elementor-widget-text-editor\" data-id=\"771963a\" data-element_type=\"widget\" data-e-type=\"widget\" data-widget_type=\"text-editor.default\">\n\t\t\t\t<div class=\"elementor-widget-container\">\n\t\t\t\t\t\t\t\t\t<p><strong><span style=\"font-size: medium;\">DEROUEN, Jean-Marc.<br \/><\/span>Et menjad\u00e9!<br \/><span style=\"font-size: medium;\"> Madrid: K\u00f3kinos, 2013 ISBN 9788492750924<\/span><\/strong><\/p>\t\t\t\t\t\t\t\t<\/div>\n\t\t\t\t<\/div>\n\t\t\t\t<div class=\"elementor-element elementor-element-e651bba elementor-hidden-mobile elementor-widget elementor-widget-image\" data-id=\"e651bba\" data-element_type=\"widget\" data-e-type=\"widget\" data-widget_type=\"image.default\">\n\t\t\t\t<div class=\"elementor-widget-container\">\n\t\t\t\t\t\t\t\t\t\t\t\t\t\t\t<img decoding=\"async\" width=\"796\" height=\"1024\" src=\"https:\/\/revista.glifing.com\/wp-content\/uploads\/2022\/10\/Et-menjade\u0301-796x1024.png\" class=\"attachment-large size-large wp-image-1476\" alt=\"\" srcset=\"https:\/\/revista.glifing.com\/wp-content\/uploads\/2022\/10\/Et-menjade\u0301-796x1024.png 796w, https:\/\/revista.glifing.com\/wp-content\/uploads\/2022\/10\/Et-menjade\u0301-233x300.png 233w, https:\/\/revista.glifing.com\/wp-content\/uploads\/2022\/10\/Et-menjade\u0301-768x988.png 768w, https:\/\/revista.glifing.com\/wp-content\/uploads\/2022\/10\/Et-menjade\u0301-1194x1536.png 1194w, https:\/\/revista.glifing.com\/wp-content\/uploads\/2022\/10\/Et-menjade\u0301.png 1377w\" sizes=\"(max-width: 796px) 100vw, 796px\" \/>\t\t\t\t\t\t\t\t\t\t\t\t\t\t\t<\/div>\n\t\t\t\t<\/div>\n\t\t\t\t\t<\/div>\n\t\t<\/div>\n\t\t\t\t<div class=\"elementor-column elementor-col-50 elementor-inner-column elementor-element elementor-element-f85f26b\" data-id=\"f85f26b\" data-element_type=\"column\" data-e-type=\"column\">\n\t\t\t<div class=\"elementor-widget-wrap elementor-element-populated\">\n\t\t\t\t\t\t<div class=\"elementor-element elementor-element-6c9b928 elementor-widget elementor-widget-image\" data-id=\"6c9b928\" data-element_type=\"widget\" data-e-type=\"widget\" data-widget_type=\"image.default\">\n\t\t\t\t<div class=\"elementor-widget-container\">\n\t\t\t\t\t\t\t\t\t\t\t\t\t\t\t<img decoding=\"async\" width=\"764\" height=\"1024\" src=\"https:\/\/revista.glifing.com\/wp-content\/uploads\/2022\/10\/foto-bibliotecaria-764x1024.png\" class=\"attachment-large size-large wp-image-1478\" alt=\"\" srcset=\"https:\/\/revista.glifing.com\/wp-content\/uploads\/2022\/10\/foto-bibliotecaria-764x1024.png 764w, https:\/\/revista.glifing.com\/wp-content\/uploads\/2022\/10\/foto-bibliotecaria-224x300.png 224w, https:\/\/revista.glifing.com\/wp-content\/uploads\/2022\/10\/foto-bibliotecaria-768x1029.png 768w, https:\/\/revista.glifing.com\/wp-content\/uploads\/2022\/10\/foto-bibliotecaria-1146x1536.png 1146w, https:\/\/revista.glifing.com\/wp-content\/uploads\/2022\/10\/foto-bibliotecaria.png 1300w\" sizes=\"(max-width: 764px) 100vw, 764px\" \/>\t\t\t\t\t\t\t\t\t\t\t\t\t\t\t<\/div>\n\t\t\t\t<\/div>\n\t\t\t\t\t<\/div>\n\t\t<\/div>\n\t\t\t\t\t<\/div>\n\t\t<\/section>\n\t\t\t\t<div class=\"elementor-element elementor-element-dce2698 elementor-widget elementor-widget-spacer\" data-id=\"dce2698\" data-element_type=\"widget\" data-e-type=\"widget\" data-widget_type=\"spacer.default\">\n\t\t\t\t<div class=\"elementor-widget-container\">\n\t\t\t\t\t\t\t<div class=\"elementor-spacer\">\n\t\t\t<div class=\"elementor-spacer-inner\"><\/div>\n\t\t<\/div>\n\t\t\t\t\t\t<\/div>\n\t\t\t\t<\/div>\n\t\t\t\t<div class=\"elementor-element elementor-element-b97306b ha-has-bg-overlay elementor-widget elementor-widget-text-editor\" data-id=\"b97306b\" data-element_type=\"widget\" data-e-type=\"widget\" data-widget_type=\"text-editor.default\">\n\t\t\t\t<div class=\"elementor-widget-container\">\n\t\t\t\t\t\t\t\t\t<p><\/p><center><em><strong><span style=\"font-size: 30pt;\">Et menjad\u00e9!<p><\/p>\n<\/span><\/strong><\/em><p><em><strong><\/strong><\/em><\/p><\/center><p><\/p>\n<p>\u00c9s un conte divertit i sorprenent. Un llibre especialment pensat per llegir en veu alta. Us ho&nbsp;passareu d\u2019all\u00f2 m\u00e9s b\u00e9.<\/p>\n<p>\u00c9s d\u2019aquells llibres dels quals vas passant les p\u00e0gines i el somriure es va fent cada cop m\u00e9s gran. El protagonista \u00e9s un llop i, normalment, als contes, ja sabeu que els llops tenen mala<br>fama; per\u00f2, en aquest cas, \u00e9s una mica beneit i tendre. T\u00e9 molt mala dicci\u00f3 i no pot pronunciar b\u00e9 les erres. Ja descobrireu per qu\u00e8.<\/p>\n<p>El cas \u00e9s que el llop t\u00e9 molta gana; per\u00f2, per m\u00e9s que ho intenta, no es pot ficar res a la boca.<br>Els conills que es va trobant al bosc s\u00f3n molt m\u00e9s llestos que ell.<\/p>\n<p>Cal destacar tamb\u00e9 les il\u00b7lustracions de Laure du Fa\u00ff, que juga b\u00e0sicament amb els colors&nbsp;primaris i amb la tipografia de diverses mides.<\/p>\t\t\t\t\t\t\t\t<\/div>\n\t\t\t\t<\/div>\n\t\t\t\t\t<\/div>\n\t\t<\/div>\n\t\t\t\t\t<\/div>\n\t\t<\/section>\n\t\t\t\t<\/div>\n\t\t","protected":false},"excerpt":{"rendered":"<p>Llibres Recomanaci\u00f3 de Juani de Haro, directora de la Biblioteca Manuel Serra i Moret de Pineda de Mar (Barcelona) DEROUEN, Jean-Marc.Et menjad\u00e9! Madrid: K\u00f3kinos, 2013 ISBN 9788492750924 Et menjad\u00e9! \u00c9s un conte divertit i sorprenent. Un llibre especialment pensat per llegir en veu alta. Us ho&nbsp;passareu d\u2019all\u00f2 m\u00e9s b\u00e9. \u00c9s d\u2019aquells llibres dels quals vas [&hellip;]<\/p>\n","protected":false},"author":1,"featured_media":0,"parent":0,"menu_order":0,"comment_status":"closed","ping_status":"closed","template":"","meta":{"footnotes":""},"class_list":["post-1735","page","type-page","status-publish","hentry"],"_links":{"self":[{"href":"https:\/\/revista.glifing.com\/ca\/wp-json\/wp\/v2\/pages\/1735","targetHints":{"allow":["GET"]}}],"collection":[{"href":"https:\/\/revista.glifing.com\/ca\/wp-json\/wp\/v2\/pages"}],"about":[{"href":"https:\/\/revista.glifing.com\/ca\/wp-json\/wp\/v2\/types\/page"}],"author":[{"embeddable":true,"href":"https:\/\/revista.glifing.com\/ca\/wp-json\/wp\/v2\/users\/1"}],"replies":[{"embeddable":true,"href":"https:\/\/revista.glifing.com\/ca\/wp-json\/wp\/v2\/comments?post=1735"}],"version-history":[{"count":1,"href":"https:\/\/revista.glifing.com\/ca\/wp-json\/wp\/v2\/pages\/1735\/revisions"}],"predecessor-version":[{"id":5067,"href":"https:\/\/revista.glifing.com\/ca\/wp-json\/wp\/v2\/pages\/1735\/revisions\/5067"}],"wp:attachment":[{"href":"https:\/\/revista.glifing.com\/ca\/wp-json\/wp\/v2\/media?parent=1735"}],"curies":[{"name":"wp","href":"https:\/\/api.w.org\/{rel}","templated":true}]}}