{"id":1790,"date":"2022-10-30T13:58:56","date_gmt":"2022-10-30T12:58:56","guid":{"rendered":"https:\/\/revista.glifing.com\/39-fem-30-anys-per-lassociacio-catalana-de-dislexia\/"},"modified":"2025-09-24T00:51:21","modified_gmt":"2025-09-23T22:51:21","slug":"fem-30-anys-associacio-catalana-de-dislexia","status":"publish","type":"page","link":"https:\/\/revista.glifing.com\/ca\/fem-30-anys-associacio-catalana-de-dislexia\/","title":{"rendered":"Fem 30 anys! Per l&#8217;associaci\u00f3 catalana de disl\u00e8xia"},"content":{"rendered":"\t\t<div data-elementor-type=\"wp-page\" data-elementor-id=\"1790\" class=\"elementor elementor-1790 elementor-1275\" data-elementor-settings=\"{&quot;ha_cmc_init_switcher&quot;:&quot;no&quot;}\" data-elementor-post-type=\"page\">\n\t\t\t\t\t\t<section data-particle_enable=\"false\" data-particle-mobile-disabled=\"false\" data-ha-partstyle=\"custom\" data-ha-partcolor=\"\" data-ha-partopacity=\"\" data-ha-partdirection=\"bottom\" data-ha-partdata=\"{&quot;particles&quot;:{&quot;number&quot;:{&quot;value&quot;:6,&quot;density&quot;:{&quot;enable&quot;:true,&quot;value_area&quot;:800}},&quot;color&quot;:{&quot;value&quot;:&quot;#fc9202&quot;},&quot;shape&quot;:{&quot;type&quot;:&quot;polygon&quot;,&quot;stroke&quot;:{&quot;width&quot;:0,&quot;color&quot;:&quot;#000&quot;},&quot;polygon&quot;:{&quot;nb_sides&quot;:6},&quot;image&quot;:{&quot;src&quot;:&quot;img\\\/github.svg&quot;,&quot;width&quot;:100,&quot;height&quot;:100}},&quot;opacity&quot;:{&quot;value&quot;:0.3,&quot;random&quot;:true,&quot;anim&quot;:{&quot;enable&quot;:false,&quot;speed&quot;:1,&quot;opacity_min&quot;:0.1,&quot;sync&quot;:false}},&quot;size&quot;:{&quot;value&quot;:19.728691040806815,&quot;random&quot;:false,&quot;anim&quot;:{&quot;enable&quot;:true,&quot;speed&quot;:10,&quot;size_min&quot;:40,&quot;sync&quot;:false}},&quot;line_linked&quot;:{&quot;enable&quot;:false,&quot;distance&quot;:200,&quot;color&quot;:&quot;#ffffff&quot;,&quot;opacity&quot;:1,&quot;width&quot;:2},&quot;move&quot;:{&quot;enable&quot;:true,&quot;speed&quot;:8,&quot;direction&quot;:&quot;none&quot;,&quot;random&quot;:false,&quot;straight&quot;:false,&quot;out_mode&quot;:&quot;out&quot;,&quot;bounce&quot;:false,&quot;attract&quot;:{&quot;enable&quot;:false,&quot;rotateX&quot;:600,&quot;rotateY&quot;:1200}}},&quot;interactivity&quot;:{&quot;detect_on&quot;:&quot;canvas&quot;,&quot;events&quot;:{&quot;onhover&quot;:{&quot;enable&quot;:false,&quot;mode&quot;:&quot;grab&quot;},&quot;onclick&quot;:{&quot;enable&quot;:false,&quot;mode&quot;:&quot;push&quot;},&quot;resize&quot;:true},&quot;modes&quot;:{&quot;grab&quot;:{&quot;distance&quot;:400,&quot;line_linked&quot;:{&quot;opacity&quot;:1}},&quot;bubble&quot;:{&quot;distance&quot;:400,&quot;size&quot;:40,&quot;duration&quot;:2,&quot;opacity&quot;:8,&quot;speed&quot;:3},&quot;repulse&quot;:{&quot;distance&quot;:200,&quot;duration&quot;:0.4},&quot;push&quot;:{&quot;particles_nb&quot;:4},&quot;remove&quot;:{&quot;particles_nb&quot;:2}}},&quot;retina_detect&quot;:true}\" class=\"elementor-section elementor-top-section elementor-element elementor-element-95eb5a0 elementor-section-full_width ha-particle-yes elementor-section-height-default elementor-section-height-default\" data-id=\"95eb5a0\" data-element_type=\"section\" data-e-type=\"section\" data-settings=\"{&quot;background_background&quot;:&quot;classic&quot;,&quot;_ha_eqh_enable&quot;:false}\">\n\t\t\t\t\t\t\t<div class=\"elementor-background-overlay\"><\/div>\n\t\t\t\t\t\t\t<div class=\"elementor-container elementor-column-gap-default\">\n\t\t\t\t\t<div class=\"elementor-column elementor-col-100 elementor-top-column elementor-element elementor-element-40ed719\" data-id=\"40ed719\" data-element_type=\"column\" data-e-type=\"column\">\n\t\t\t<div class=\"elementor-widget-wrap elementor-element-populated\">\n\t\t\t\t\t\t<section data-particle_enable=\"false\" data-particle-mobile-disabled=\"false\" class=\"elementor-section elementor-inner-section elementor-element elementor-element-85c6710 elementor-reverse-mobile elementor-section-boxed elementor-section-height-default elementor-section-height-default\" data-id=\"85c6710\" data-element_type=\"section\" data-e-type=\"section\" data-settings=\"{&quot;_ha_eqh_enable&quot;:false}\">\n\t\t\t\t\t\t<div class=\"elementor-container elementor-column-gap-default\">\n\t\t\t\t\t<div class=\"elementor-column elementor-col-50 elementor-inner-column elementor-element elementor-element-5eb9337\" data-id=\"5eb9337\" data-element_type=\"column\" data-e-type=\"column\">\n\t\t\t<div class=\"elementor-widget-wrap elementor-element-populated\">\n\t\t\t\t\t\t<div class=\"elementor-element elementor-element-a861166 elementor-widget elementor-widget-image\" data-id=\"a861166\" data-element_type=\"widget\" data-e-type=\"widget\" data-widget_type=\"image.default\">\n\t\t\t\t<div class=\"elementor-widget-container\">\n\t\t\t\t\t\t\t\t\t\t\t\t\t\t\t<img decoding=\"async\" width=\"1\" height=\"1\" src=\"https:\/\/revista.glifing.com\/wp-content\/uploads\/2022\/12\/acd.svg\" class=\"attachment-large size-large wp-image-2984\" alt=\"\" \/>\t\t\t\t\t\t\t\t\t\t\t\t\t\t\t<\/div>\n\t\t\t\t<\/div>\n\t\t\t\t\t<\/div>\n\t\t<\/div>\n\t\t\t\t<div class=\"elementor-column elementor-col-50 elementor-inner-column elementor-element elementor-element-1ea8713\" data-id=\"1ea8713\" data-element_type=\"column\" data-e-type=\"column\">\n\t\t\t<div class=\"elementor-widget-wrap elementor-element-populated\">\n\t\t\t\t\t\t<div class=\"elementor-element elementor-element-3c1395a elementor-widget elementor-widget-image\" data-id=\"3c1395a\" data-element_type=\"widget\" data-e-type=\"widget\" data-widget_type=\"image.default\">\n\t\t\t\t<div class=\"elementor-widget-container\">\n\t\t\t\t\t\t\t\t\t\t\t\t\t\t\t<img fetchpriority=\"high\" decoding=\"async\" width=\"800\" height=\"738\" src=\"https:\/\/revista.glifing.com\/wp-content\/uploads\/2022\/10\/ACD-FEM-30-ANYS-1024x945.png\" class=\"attachment-large size-large wp-image-1471\" alt=\"\" srcset=\"https:\/\/revista.glifing.com\/wp-content\/uploads\/2022\/10\/ACD-FEM-30-ANYS-1024x945.png 1024w, https:\/\/revista.glifing.com\/wp-content\/uploads\/2022\/10\/ACD-FEM-30-ANYS-300x277.png 300w, https:\/\/revista.glifing.com\/wp-content\/uploads\/2022\/10\/ACD-FEM-30-ANYS-768x708.png 768w, https:\/\/revista.glifing.com\/wp-content\/uploads\/2022\/10\/ACD-FEM-30-ANYS.png 1147w\" sizes=\"(max-width: 800px) 100vw, 800px\" \/>\t\t\t\t\t\t\t\t\t\t\t\t\t\t\t<\/div>\n\t\t\t\t<\/div>\n\t\t\t\t\t<\/div>\n\t\t<\/div>\n\t\t\t\t\t<\/div>\n\t\t<\/section>\n\t\t\t\t<section data-particle_enable=\"false\" data-particle-mobile-disabled=\"false\" class=\"elementor-section elementor-inner-section elementor-element elementor-element-e3e5884 elementor-section-boxed elementor-section-height-default elementor-section-height-default\" data-id=\"e3e5884\" data-element_type=\"section\" data-e-type=\"section\" data-settings=\"{&quot;_ha_eqh_enable&quot;:false}\">\n\t\t\t\t\t\t<div class=\"elementor-container elementor-column-gap-default\">\n\t\t\t\t\t<div class=\"elementor-column elementor-col-100 elementor-inner-column elementor-element elementor-element-5a69e16\" data-id=\"5a69e16\" data-element_type=\"column\" data-e-type=\"column\">\n\t\t\t<div class=\"elementor-widget-wrap elementor-element-populated\">\n\t\t\t\t\t\t<div class=\"elementor-element elementor-element-2cbf429 elementor-widget elementor-widget-text-editor\" data-id=\"2cbf429\" data-element_type=\"widget\" data-e-type=\"widget\" data-widget_type=\"text-editor.default\">\n\t\t\t\t<div class=\"elementor-widget-container\">\n\t\t\t\t\t\t\t\t\tFa trenta anys, el 22 d&#8217;abril de 1992, van quedar inscrits els estatuts de l&#8217;Associaci\u00f3 Catalana de Disl\u00e8xia i Altres Dificultats Espec\u00edfiques (ACD) al Registre d&#8217;Entitats Jur\u00eddiques de la Generalitat de Catalunya. Un grup de fam\u00edlies i professionals que ens trob\u00e0vem desemparats en vista de les dificultats dels nostres fills i filles, i no sab\u00edem com afrontar la disl\u00e8xia que patien, vam decidir unir-nos per millorar la resposta educativa i social i debatre sobre els trastorns d\u2019aprenentatge. La situaci\u00f3 era complexa, ni tan sols s&#8217;acceptava posar aquest nom a les seves dificultats, hi havia un rebuig m\u00e9s o menys expl\u00edcit.\t\t\t\t\t\t\t\t<\/div>\n\t\t\t\t<\/div>\n\t\t\t\t<div class=\"elementor-element elementor-element-4536c84 elementor-widget elementor-widget-text-editor\" data-id=\"4536c84\" data-element_type=\"widget\" data-e-type=\"widget\" data-widget_type=\"text-editor.default\">\n\t\t\t\t<div class=\"elementor-widget-container\">\n\t\t\t\t\t\t\t\t\tPer\u00f2 avui, afortunadament, l&#8217;evid\u00e8ncia cient\u00edfica ha demostrat sobradament la base biol\u00f2gica dels trastorns del neurodesenvolupament, tamb\u00e9 a casa nostra, on trobem magn\u00edfics professionals en la investigaci\u00f3, en el diagn\u00f2stic i en el tractament d&#8217;aquestes dificultats.\nAra fa trenta anys que existeix l\u2019ACD, i les fam\u00edlies que vam decidir endegar-la i totes les que s&#8217;hi han afegit, ens preguntem com \u00e9s possible que despr\u00e9s de tant de temps ens trobem situacions molt semblants a les que v\u00e0rem viure nosaltres. La normativa legislativa establerta \u00e9s, o hauria de ser, suficient per atendre adequadament els alumnes amb trastorns espec\u00edfics d&#8217;aprenentatge. Per qu\u00e8 encara hi ha tantes mancances?\t\t\t\t\t\t\t\t<\/div>\n\t\t\t\t<\/div>\n\t\t\t\t<section data-particle_enable=\"false\" data-particle-mobile-disabled=\"false\" class=\"elementor-section elementor-inner-section elementor-element elementor-element-2e35c0e elementor-section-boxed elementor-section-height-default elementor-section-height-default\" data-id=\"2e35c0e\" data-element_type=\"section\" data-e-type=\"section\" data-settings=\"{&quot;_ha_eqh_enable&quot;:false}\">\n\t\t\t\t\t\t<div class=\"elementor-container elementor-column-gap-default\">\n\t\t\t\t\t<div class=\"elementor-column elementor-col-100 elementor-inner-column elementor-element elementor-element-41494c1\" data-id=\"41494c1\" data-element_type=\"column\" data-e-type=\"column\">\n\t\t\t<div class=\"elementor-widget-wrap elementor-element-populated\">\n\t\t\t\t\t\t<section data-particle_enable=\"false\" data-particle-mobile-disabled=\"false\" class=\"elementor-section elementor-inner-section elementor-element elementor-element-3fd0f1f elementor-section-boxed elementor-section-height-default elementor-section-height-default\" data-id=\"3fd0f1f\" data-element_type=\"section\" data-e-type=\"section\" data-settings=\"{&quot;_ha_eqh_enable&quot;:false}\">\n\t\t\t\t\t\t<div class=\"elementor-container elementor-column-gap-default\">\n\t\t\t\t\t<div class=\"elementor-column elementor-col-50 elementor-inner-column elementor-element elementor-element-539b7c0\" data-id=\"539b7c0\" data-element_type=\"column\" data-e-type=\"column\">\n\t\t\t<div class=\"elementor-widget-wrap elementor-element-populated\">\n\t\t\t\t\t\t<div class=\"elementor-element elementor-element-d0a08ff premium-lottie-svg elementor-widget elementor-widget-premium-lottie\" data-id=\"d0a08ff\" data-element_type=\"widget\" data-e-type=\"widget\" data-settings=\"{&quot;lottie_file&quot;:{&quot;url&quot;:&quot;https:\\\/\\\/revista.glifing.com\\\/wp-content\\\/uploads\\\/2022\\\/11\\\/120294-confused-and-nervous-pencil-1.json&quot;,&quot;id&quot;:1783,&quot;size&quot;:&quot;&quot;,&quot;alt&quot;:&quot;&quot;,&quot;source&quot;:&quot;library&quot;}}\" data-widget_type=\"premium-lottie.default\">\n\t\t\t\t<div class=\"elementor-widget-container\">\n\t\t\t\t\t\r\n\t\t<div class=\"premium-lottie-animation\" data-lottie-url=\"https:\/\/revista.glifing.com\/wp-content\/uploads\/2022\/11\/120294-confused-and-nervous-pencil-1.json\" data-lottie-loop=\"true\" data-lottie-reverse=\"\" data-lottie-hover=\"\" data-lottie-speed=\"1\" data-lottie-render=\"svg\" data-lottie-delay=\"\">\r\n\t\t\t\t\t<\/div>\r\n\r\n\t\t\t\t\t\t<\/div>\n\t\t\t\t<\/div>\n\t\t\t\t\t<\/div>\n\t\t<\/div>\n\t\t\t\t<div class=\"elementor-column elementor-col-50 elementor-inner-column elementor-element elementor-element-55e6a9a\" data-id=\"55e6a9a\" data-element_type=\"column\" data-e-type=\"column\">\n\t\t\t<div class=\"elementor-widget-wrap elementor-element-populated\">\n\t\t\t\t\t\t<div class=\"elementor-element elementor-element-7f7f782 elementor-widget elementor-widget-text-editor\" data-id=\"7f7f782\" data-element_type=\"widget\" data-e-type=\"widget\" data-widget_type=\"text-editor.default\">\n\t\t\t\t<div class=\"elementor-widget-container\">\n\t\t\t\t\t\t\t\t\t<p>En primer lloc, falta una implementaci\u00f3 real i efectiva de tota aquesta normativa, que no ser\u00e0 possible si l&#8217;escola no rep els recursos que necessita: calen especialistes a les escoles, logopedes per tractar les dificultats de llenguatge com la disl\u00e8xia, fa falta el segon mestre a l&#8217;aula, cal formaci\u00f3 i assessorament al personal docent de secund\u00e0ria, cal que les normatives no siguin ambig\u00fces i estableixin criteris clars per evitar interpretacions esbiaixades que afavoreixen enfocaments poc inclusius. La inclusivitat tamb\u00e9 ha d&#8217;aplicar-se als alumnes afectats per trastorns del neurodesenvolupament.<\/p>\t\t\t\t\t\t\t\t<\/div>\n\t\t\t\t<\/div>\n\t\t\t\t\t<\/div>\n\t\t<\/div>\n\t\t\t\t\t<\/div>\n\t\t<\/section>\n\t\t\t\t\t<\/div>\n\t\t<\/div>\n\t\t\t\t\t<\/div>\n\t\t<\/section>\n\t\t\t\t<section data-particle_enable=\"false\" data-particle-mobile-disabled=\"false\" class=\"elementor-section elementor-inner-section elementor-element elementor-element-bb70fb5 elementor-section-boxed elementor-section-height-default elementor-section-height-default\" data-id=\"bb70fb5\" data-element_type=\"section\" data-e-type=\"section\" data-settings=\"{&quot;_ha_eqh_enable&quot;:false}\">\n\t\t\t\t\t\t<div class=\"elementor-container elementor-column-gap-default\">\n\t\t\t\t\t<div class=\"elementor-column elementor-col-100 elementor-inner-column elementor-element elementor-element-e6f80b3\" data-id=\"e6f80b3\" data-element_type=\"column\" data-e-type=\"column\">\n\t\t\t<div class=\"elementor-widget-wrap elementor-element-populated\">\n\t\t\t\t\t\t<div class=\"elementor-element elementor-element-4c59e2d elementor-widget elementor-widget-text-editor\" data-id=\"4c59e2d\" data-element_type=\"widget\" data-e-type=\"widget\" data-widget_type=\"text-editor.default\">\n\t\t\t\t<div class=\"elementor-widget-container\">\n\t\t\t\t\t\t\t\t\tTamb\u00e9 cal establir un sistema de detecci\u00f3 preco\u00e7. El per\u00edode cr\u00edtic de detecci\u00f3 d&#8217;aquestes disfuncions \u00e9s entre P4 i 2n d&#8217;EP, per\u00f2 lamentablement no sempre es detecten en aquest per\u00edode, ni els TEL (trastorns espec\u00edfics de llenguatge) ni el TDAH a educaci\u00f3 infantil, ni la disl\u00e8xia o la discalc\u00falia a 1r i 2n d&#8217;EP. Aquest retard en la detecci\u00f3 compromet seriosament el progr\u00e9s d&#8217;aquests alumnes.\t\t\t\t\t\t\t\t<\/div>\n\t\t\t\t<\/div>\n\t\t\t\t<section data-particle_enable=\"false\" data-particle-mobile-disabled=\"false\" class=\"elementor-section elementor-inner-section elementor-element elementor-element-5a87740 elementor-section-boxed elementor-section-height-default elementor-section-height-default\" data-id=\"5a87740\" data-element_type=\"section\" data-e-type=\"section\" data-settings=\"{&quot;_ha_eqh_enable&quot;:false}\">\n\t\t\t\t\t\t<div class=\"elementor-container elementor-column-gap-default\">\n\t\t\t\t\t<div class=\"elementor-column elementor-col-50 elementor-inner-column elementor-element elementor-element-8bd7aa6\" data-id=\"8bd7aa6\" data-element_type=\"column\" data-e-type=\"column\">\n\t\t\t<div class=\"elementor-widget-wrap elementor-element-populated\">\n\t\t\t\t\t\t<div class=\"elementor-element elementor-element-8d8058b elementor-widget elementor-widget-text-editor\" data-id=\"8d8058b\" data-element_type=\"widget\" data-e-type=\"widget\" data-widget_type=\"text-editor.default\">\n\t\t\t\t<div class=\"elementor-widget-container\">\n\t\t\t\t\t\t\t\t\tAfortunadament, des de fa temps, s&#8217;han desenvolupat, a casa nostra, m\u00e8todes com Glifing dissenyats per afavorir la flu\u00e8ncia i la correcci\u00f3 en la lectura i l&#8217;escriptura. Si aquests m\u00e8todes s&#8217;instauressin a les escoles en els anys cr\u00edtics de l&#8217;aprenentatge, \u00e9s a dir, entre P4 i 2n d\u2019EP, a m\u00e9s de millorar la compet\u00e8ncia de tots els alumnes, serien molt \u00fatils per detectar de manera preco\u00e7 aquells nens i nenes amb dificultats espec\u00edfiques. Ben segur que es podria reduir el que s&#8217;anomena frac\u00e0s escolar, que no \u00e9s el frac\u00e0s dels infants, sin\u00f3 del sistema educatiu. No es fan els esfor\u00e7os necessaris ni es posen els recursos que calen per establir una educaci\u00f3 realment inclusiva per als alumnes amb trastorns espec\u00edfics d&#8217;aprenentatge.\t\t\t\t\t\t\t\t<\/div>\n\t\t\t\t<\/div>\n\t\t\t\t\t<\/div>\n\t\t<\/div>\n\t\t\t\t<div class=\"elementor-column elementor-col-50 elementor-inner-column elementor-element elementor-element-402e61b\" data-id=\"402e61b\" data-element_type=\"column\" data-e-type=\"column\">\n\t\t\t<div class=\"elementor-widget-wrap elementor-element-populated\">\n\t\t\t\t\t\t<div class=\"elementor-element elementor-element-9cab3a7 premium-lottie-svg elementor-widget elementor-widget-premium-lottie\" data-id=\"9cab3a7\" data-element_type=\"widget\" data-e-type=\"widget\" data-settings=\"{&quot;lottie_file&quot;:{&quot;url&quot;:&quot;https:\\\/\\\/revista.glifing.com\\\/wp-content\\\/uploads\\\/2022\\\/11\\\/115551-smart-pencil.json&quot;,&quot;id&quot;:1785,&quot;size&quot;:&quot;&quot;,&quot;alt&quot;:&quot;&quot;,&quot;source&quot;:&quot;library&quot;}}\" data-widget_type=\"premium-lottie.default\">\n\t\t\t\t<div class=\"elementor-widget-container\">\n\t\t\t\t\t\r\n\t\t<div class=\"premium-lottie-animation\" data-lottie-url=\"https:\/\/revista.glifing.com\/wp-content\/uploads\/2022\/11\/115551-smart-pencil.json\" data-lottie-loop=\"true\" data-lottie-reverse=\"\" data-lottie-hover=\"\" data-lottie-speed=\"1\" data-lottie-render=\"svg\" data-lottie-delay=\"\">\r\n\t\t\t\t\t<\/div>\r\n\r\n\t\t\t\t\t\t<\/div>\n\t\t\t\t<\/div>\n\t\t\t\t\t<\/div>\n\t\t<\/div>\n\t\t\t\t\t<\/div>\n\t\t<\/section>\n\t\t\t\t\t<\/div>\n\t\t<\/div>\n\t\t\t\t\t<\/div>\n\t\t<\/section>\n\t\t\t\t<div class=\"elementor-element elementor-element-3ce737b elementor-widget elementor-widget-text-editor\" data-id=\"3ce737b\" data-element_type=\"widget\" data-e-type=\"widget\" data-widget_type=\"text-editor.default\">\n\t\t\t\t<div class=\"elementor-widget-container\">\n\t\t\t\t\t\t\t\t\tTampoc les fam\u00edlies tenen el suport que necessiten i massa vegades el diagn\u00f2stic i possible tractament dep\u00e8n de la capacitat econ\u00f2mica de les fam\u00edlies.\t\t\t\t\t\t\t\t<\/div>\n\t\t\t\t<\/div>\n\t\t\t\t<div class=\"elementor-element elementor-element-d8dc2e0 elementor-widget elementor-widget-text-editor\" data-id=\"d8dc2e0\" data-element_type=\"widget\" data-e-type=\"widget\" data-widget_type=\"text-editor.default\">\n\t\t\t\t<div class=\"elementor-widget-container\">\n\t\t\t\t\t\t\t\t\t\u00c9s per tot aix\u00f2 que, despr\u00e9s de trenta anys, encara treballem pel benestar escolar i social dels nens i nenes disl\u00e8ctics i de les seves fam\u00edlies, per la millor comprensi\u00f3 i inclusi\u00f3 de tots els alumnes i persones adultes afectades per trastorns del neurodesenvolupament, tamb\u00e9 pels i per les mestres que cada dia s&#8217;esforcen en la tasca d&#8217;aconseguir una escola amb equitat i igualtat d\u2019oportunitats.\t\t\t\t\t\t\t\t<\/div>\n\t\t\t\t<\/div>\n\t\t\t\t<div class=\"elementor-element elementor-element-b1bac5f premium-lottie-svg elementor-widget elementor-widget-premium-lottie\" data-id=\"b1bac5f\" data-element_type=\"widget\" data-e-type=\"widget\" data-settings=\"{&quot;lottie_file&quot;:{&quot;url&quot;:&quot;https:\\\/\\\/revista.glifing.com\\\/wp-content\\\/uploads\\\/2022\\\/11\\\/117885-strong-pencil.json&quot;,&quot;id&quot;:1781,&quot;size&quot;:&quot;&quot;,&quot;alt&quot;:&quot;&quot;,&quot;source&quot;:&quot;library&quot;}}\" data-widget_type=\"premium-lottie.default\">\n\t\t\t\t<div class=\"elementor-widget-container\">\n\t\t\t\t\t\r\n\t\t<div class=\"premium-lottie-animation\" data-lottie-url=\"https:\/\/revista.glifing.com\/wp-content\/uploads\/2022\/11\/117885-strong-pencil.json\" data-lottie-loop=\"true\" data-lottie-reverse=\"\" data-lottie-hover=\"\" data-lottie-speed=\"1\" data-lottie-render=\"svg\" data-lottie-delay=\"\">\r\n\t\t\t\t\t<\/div>\r\n\r\n\t\t\t\t\t\t<\/div>\n\t\t\t\t<\/div>\n\t\t\t\t<div class=\"elementor-element elementor-element-17b0cb4 elementor-widget elementor-widget-text-editor\" data-id=\"17b0cb4\" data-element_type=\"widget\" data-e-type=\"widget\" data-widget_type=\"text-editor.default\">\n\t\t\t\t<div class=\"elementor-widget-container\">\n\t\t\t\t\t\t\t\t\tEns queda molt cam\u00ed, per\u00f2 no defallirem!\t\t\t\t\t\t\t\t<\/div>\n\t\t\t\t<\/div>\n\t\t\t\t<section data-particle_enable=\"false\" data-particle-mobile-disabled=\"false\" class=\"elementor-section elementor-inner-section elementor-element elementor-element-971d98e elementor-section-boxed elementor-section-height-default elementor-section-height-default\" data-id=\"971d98e\" data-element_type=\"section\" data-e-type=\"section\" data-settings=\"{&quot;_ha_eqh_enable&quot;:false}\">\n\t\t\t\t\t\t<div class=\"elementor-container elementor-column-gap-default\">\n\t\t\t\t\t<div class=\"elementor-column elementor-col-100 elementor-inner-column elementor-element elementor-element-7279a96\" data-id=\"7279a96\" data-element_type=\"column\" data-e-type=\"column\">\n\t\t\t<div class=\"elementor-widget-wrap elementor-element-populated\">\n\t\t\t\t\t\t<section data-particle_enable=\"false\" data-particle-mobile-disabled=\"false\" class=\"elementor-section elementor-inner-section elementor-element elementor-element-b3336f1 elementor-section-boxed elementor-section-height-default elementor-section-height-default\" data-id=\"b3336f1\" data-element_type=\"section\" data-e-type=\"section\" data-settings=\"{&quot;_ha_eqh_enable&quot;:false}\">\n\t\t\t\t\t\t<div class=\"elementor-container elementor-column-gap-default\">\n\t\t\t\t\t<div class=\"elementor-column elementor-col-50 elementor-inner-column elementor-element elementor-element-1232afd\" data-id=\"1232afd\" data-element_type=\"column\" data-e-type=\"column\">\n\t\t\t<div class=\"elementor-widget-wrap\">\n\t\t\t\t\t\t\t<\/div>\n\t\t<\/div>\n\t\t\t\t<div data-ha-element-link=\"{&quot;url&quot;:&quot;http:\\\/\\\/www.acd.cat&quot;,&quot;is_external&quot;:&quot;on&quot;,&quot;nofollow&quot;:&quot;on&quot;}\" style=\"cursor: pointer\" class=\"elementor-column elementor-col-50 elementor-inner-column elementor-element elementor-element-b5298ca\" data-id=\"b5298ca\" data-element_type=\"column\" data-e-type=\"column\">\n\t\t\t<div class=\"elementor-widget-wrap elementor-element-populated\">\n\t\t\t\t\t\t<div class=\"elementor-element elementor-element-2fc6fcb elementor-widget elementor-widget-text-editor\" data-id=\"2fc6fcb\" data-element_type=\"widget\" data-e-type=\"widget\" data-widget_type=\"text-editor.default\">\n\t\t\t\t<div class=\"elementor-widget-container\">\n\t\t\t\t\t\t\t\t\t<p><strong>Neus Buis\u00e1n<\/strong><\/p><p>Associaci\u00f3 Catalana de Disl\u00e8xia<\/p>\t\t\t\t\t\t\t\t<\/div>\n\t\t\t\t<\/div>\n\t\t\t\t<div class=\"elementor-element elementor-element-73c5ceb elementor-widget elementor-widget-image\" data-id=\"73c5ceb\" data-element_type=\"widget\" data-e-type=\"widget\" data-widget_type=\"image.default\">\n\t\t\t\t<div class=\"elementor-widget-container\">\n\t\t\t\t\t\t\t\t\t\t\t\t\t\t\t\t<a href=\"https:\/\/acd.cat\/\">\n\t\t\t\t\t\t\t<img decoding=\"async\" width=\"1\" height=\"1\" src=\"https:\/\/revista.glifing.com\/wp-content\/uploads\/2022\/12\/acd.svg\" class=\"attachment-large size-large wp-image-2984\" alt=\"\" \/>\t\t\t\t\t\t\t\t<\/a>\n\t\t\t\t\t\t\t\t\t\t\t\t\t\t\t<\/div>\n\t\t\t\t<\/div>\n\t\t\t\t\t<\/div>\n\t\t<\/div>\n\t\t\t\t\t<\/div>\n\t\t<\/section>\n\t\t\t\t\t<\/div>\n\t\t<\/div>\n\t\t\t\t\t<\/div>\n\t\t<\/section>\n\t\t\t\t\t<\/div>\n\t\t<\/div>\n\t\t\t\t\t<\/div>\n\t\t<\/section>\n\t\t\t\t\t<\/div>\n\t\t<\/div>\n\t\t\t\t\t<\/div>\n\t\t<\/section>\n\t\t\t\t<\/div>\n\t\t","protected":false},"excerpt":{"rendered":"<p>Fa trenta anys, el 22 d&#8217;abril de 1992, van quedar inscrits els estatuts de l&#8217;Associaci\u00f3 Catalana de Disl\u00e8xia i Altres Dificultats Espec\u00edfiques (ACD) al Registre d&#8217;Entitats Jur\u00eddiques de la Generalitat de Catalunya. Un grup de fam\u00edlies i professionals que ens trob\u00e0vem desemparats en vista de les dificultats dels nostres fills i filles, i no sab\u00edem [&hellip;]<\/p>\n","protected":false},"author":1,"featured_media":0,"parent":0,"menu_order":0,"comment_status":"closed","ping_status":"closed","template":"","meta":{"footnotes":""},"class_list":["post-1790","page","type-page","status-publish","hentry"],"_links":{"self":[{"href":"https:\/\/revista.glifing.com\/ca\/wp-json\/wp\/v2\/pages\/1790","targetHints":{"allow":["GET"]}}],"collection":[{"href":"https:\/\/revista.glifing.com\/ca\/wp-json\/wp\/v2\/pages"}],"about":[{"href":"https:\/\/revista.glifing.com\/ca\/wp-json\/wp\/v2\/types\/page"}],"author":[{"embeddable":true,"href":"https:\/\/revista.glifing.com\/ca\/wp-json\/wp\/v2\/users\/1"}],"replies":[{"embeddable":true,"href":"https:\/\/revista.glifing.com\/ca\/wp-json\/wp\/v2\/comments?post=1790"}],"version-history":[{"count":1,"href":"https:\/\/revista.glifing.com\/ca\/wp-json\/wp\/v2\/pages\/1790\/revisions"}],"predecessor-version":[{"id":5066,"href":"https:\/\/revista.glifing.com\/ca\/wp-json\/wp\/v2\/pages\/1790\/revisions\/5066"}],"wp:attachment":[{"href":"https:\/\/revista.glifing.com\/ca\/wp-json\/wp\/v2\/media?parent=1790"}],"curies":[{"name":"wp","href":"https:\/\/api.w.org\/{rel}","templated":true}]}}