{"id":2535,"date":"2022-10-21T14:40:26","date_gmt":"2022-10-21T12:40:26","guid":{"rendered":"https:\/\/revista.glifing.com\/22-lectura-en-pandemia-per-paula-garcia-lorca\/"},"modified":"2025-09-24T00:50:02","modified_gmt":"2025-09-23T22:50:02","slug":"lectura-en-pandemia-per-paula-garcia-lorca","status":"publish","type":"page","link":"https:\/\/revista.glifing.com\/ca\/lectura-en-pandemia-per-paula-garcia-lorca\/","title":{"rendered":"Lectura en pand\u00e8mia per Paula Garc\u00eda Lorca"},"content":{"rendered":"\t\t<div data-elementor-type=\"wp-page\" data-elementor-id=\"2535\" class=\"elementor elementor-2535 elementor-1365\" data-elementor-settings=\"{&quot;ha_cmc_init_switcher&quot;:&quot;no&quot;}\" data-elementor-post-type=\"page\">\n\t\t\t\t\t\t<section data-particle_enable=\"false\" data-particle-mobile-disabled=\"false\" class=\"elementor-section elementor-top-section elementor-element elementor-element-9dff99a elementor-section-full_width elementor-section-height-default elementor-section-height-default\" data-id=\"9dff99a\" data-element_type=\"section\" data-e-type=\"section\" data-settings=\"{&quot;_ha_eqh_enable&quot;:false}\">\n\t\t\t\t\t\t\t<div class=\"elementor-background-overlay\"><\/div>\n\t\t\t\t\t\t\t<div class=\"elementor-container elementor-column-gap-default\">\n\t\t\t\t\t<div class=\"elementor-column elementor-col-100 elementor-top-column elementor-element elementor-element-697ae05\" data-id=\"697ae05\" data-element_type=\"column\" data-e-type=\"column\">\n\t\t\t<div class=\"elementor-widget-wrap elementor-element-populated\">\n\t\t\t\t\t\t<div class=\"elementor-element elementor-element-53da8d4 elementor-mobile-align-left elementor-widget elementor-widget-button\" data-id=\"53da8d4\" data-element_type=\"widget\" data-e-type=\"widget\" data-widget_type=\"button.default\">\n\t\t\t\t<div class=\"elementor-widget-container\">\n\t\t\t\t\t\t\t\t\t<div class=\"elementor-button-wrapper\">\n\t\t\t\t\t<a class=\"elementor-button elementor-button-link elementor-size-md\" href=\"https:\/\/revista.glifing.com\/ca\/\">\n\t\t\t\t\t\t<span class=\"elementor-button-content-wrapper\">\n\t\t\t\t\t\t\t\t\t<span class=\"elementor-button-text\">Els experts opinen: La Lectura<\/span>\n\t\t\t\t\t<\/span>\n\t\t\t\t\t<\/a>\n\t\t\t\t<\/div>\n\t\t\t\t\t\t\t\t<\/div>\n\t\t\t\t<\/div>\n\t\t\t\t\t<\/div>\n\t\t<\/div>\n\t\t\t\t\t<\/div>\n\t\t<\/section>\n\t\t\t\t<section data-particle_enable=\"false\" data-particle-mobile-disabled=\"false\" class=\"elementor-section elementor-top-section elementor-element elementor-element-bd7816b elementor-section-full_width elementor-section-height-default elementor-section-height-default\" data-id=\"bd7816b\" data-element_type=\"section\" data-e-type=\"section\" data-settings=\"{&quot;background_background&quot;:&quot;classic&quot;,&quot;_ha_eqh_enable&quot;:false}\">\n\t\t\t\t\t\t\t<div class=\"elementor-background-overlay\"><\/div>\n\t\t\t\t\t\t\t<div class=\"elementor-container elementor-column-gap-default\">\n\t\t\t\t\t<div class=\"elementor-column elementor-col-100 elementor-top-column elementor-element elementor-element-560998b\" data-id=\"560998b\" data-element_type=\"column\" data-e-type=\"column\">\n\t\t\t<div class=\"elementor-widget-wrap elementor-element-populated\">\n\t\t\t\t\t\t<div class=\"elementor-element elementor-element-3bf843a elementor-widget elementor-widget-text-editor\" data-id=\"3bf843a\" data-element_type=\"widget\" data-e-type=\"widget\" data-widget_type=\"text-editor.default\">\n\t\t\t\t<div class=\"elementor-widget-container\">\n\t\t\t\t\t\t\t\t\t<p>Paula Garc\u00eda Lorca<\/p>\n\t\t\t\t\t\t\t\t<\/div>\n\t\t\t\t<\/div>\n\t\t\t\t<div class=\"elementor-element elementor-element-5d31606 elementor-widget elementor-widget-text-editor\" data-id=\"5d31606\" data-element_type=\"widget\" data-e-type=\"widget\" data-widget_type=\"text-editor.default\">\n\t\t\t\t<div class=\"elementor-widget-container\">\n\t\t\t\t\t\t\t\t\t<p>Els experts opinen<\/p>\n\t\t\t\t\t\t\t\t<\/div>\n\t\t\t\t<\/div>\n\t\t\t\t\t<\/div>\n\t\t<\/div>\n\t\t\t\t\t<\/div>\n\t\t<\/section>\n\t\t\t\t<section data-particle_enable=\"false\" data-particle-mobile-disabled=\"false\" class=\"elementor-section elementor-top-section elementor-element elementor-element-75924c8 elementor-section-boxed elementor-section-height-default elementor-section-height-default\" data-id=\"75924c8\" data-element_type=\"section\" data-e-type=\"section\" data-settings=\"{&quot;_ha_eqh_enable&quot;:false}\">\n\t\t\t\t\t\t<div class=\"elementor-container elementor-column-gap-default\">\n\t\t\t\t\t<div class=\"elementor-column elementor-col-100 elementor-top-column elementor-element elementor-element-d6dca59\" data-id=\"d6dca59\" data-element_type=\"column\" data-e-type=\"column\">\n\t\t\t<div class=\"elementor-widget-wrap elementor-element-populated\">\n\t\t\t\t\t\t<section data-particle_enable=\"false\" data-particle-mobile-disabled=\"false\" class=\"elementor-section elementor-inner-section elementor-element elementor-element-29d4371 elementor-section-boxed elementor-section-height-default elementor-section-height-default\" data-id=\"29d4371\" data-element_type=\"section\" data-e-type=\"section\" data-settings=\"{&quot;_ha_eqh_enable&quot;:false}\">\n\t\t\t\t\t\t<div class=\"elementor-container elementor-column-gap-default\">\n\t\t\t\t\t<div class=\"elementor-column elementor-col-50 elementor-inner-column elementor-element elementor-element-27e875b\" data-id=\"27e875b\" data-element_type=\"column\" data-e-type=\"column\">\n\t\t\t<div class=\"elementor-widget-wrap elementor-element-populated\">\n\t\t\t\t\t\t<div class=\"elementor-element elementor-element-794bf0e elementor-widget elementor-widget-ha-member happy-addon ha-member\" data-id=\"794bf0e\" data-element_type=\"widget\" data-e-type=\"widget\" data-widget_type=\"ha-member.default\">\n\t\t\t\t<div class=\"elementor-widget-container\">\n\t\t\t\t\t\n\t\t\t\t\t<figure class=\"ha-member-figure\">\n\t\t\t\t<img fetchpriority=\"high\" decoding=\"async\" width=\"1935\" height=\"2253\" src=\"https:\/\/revista.glifing.com\/wp-content\/uploads\/2022\/10\/Expert-PAULA-GARCIA.jpg\" class=\"elementor-animation-disable-animation attachment-full size-full wp-image-186\" alt=\"\" srcset=\"https:\/\/revista.glifing.com\/wp-content\/uploads\/2022\/10\/Expert-PAULA-GARCIA.jpg 1935w, https:\/\/revista.glifing.com\/wp-content\/uploads\/2022\/10\/Expert-PAULA-GARCIA-258x300.jpg 258w, https:\/\/revista.glifing.com\/wp-content\/uploads\/2022\/10\/Expert-PAULA-GARCIA-879x1024.jpg 879w, https:\/\/revista.glifing.com\/wp-content\/uploads\/2022\/10\/Expert-PAULA-GARCIA-768x894.jpg 768w, https:\/\/revista.glifing.com\/wp-content\/uploads\/2022\/10\/Expert-PAULA-GARCIA-1319x1536.jpg 1319w, https:\/\/revista.glifing.com\/wp-content\/uploads\/2022\/10\/Expert-PAULA-GARCIA-1759x2048.jpg 1759w\" sizes=\"(max-width: 1935px) 100vw, 1935px\" \/>\t\t\t<\/figure>\n\t\t\n\t\t<div class=\"ha-member-body\">\n\t\t\t<h1 class=\"ha-member-name\">Paula Garc\u00eda Lorca<\/h1>\n\t\t\t\n\t\t\t\t\t\t\t<div class=\"ha-member-bio\">\n\t\t\t\t\t<p>M\u00e0ster en Pedagogia Aplicada a l'Educaci\u00f3 Superior <br>Psicopedagoga <br>\nEspecialista Metodologia Glifing <br>Directora virtual de Afterschool Xile<\/p>\n\t\t\t\t<\/div>\n\t\t\t\n\t\t\t\n\t\t\t\t\t\t\t<div class=\"ha-member-links\">\n\t\t\t\t\t<a target=\"_blank\" rel=\"noopener\" href=\"http:\/\/www.virtualafterschool.cl\/\" class=\"elementor-repeater-item-d5cdca9\"><i class=\"fa fa-wordpress fab\" aria-hidden=\"true\"><\/i><\/a>\t\t\t\t<\/div>\n\t\t\t\n\t\t\t\t\t<\/div>\n\t\t\t\t\t\t<\/div>\n\t\t\t\t<\/div>\n\t\t\t\t\t<\/div>\n\t\t<\/div>\n\t\t\t\t<div class=\"elementor-column elementor-col-50 elementor-inner-column elementor-element elementor-element-ba763dc\" data-id=\"ba763dc\" data-element_type=\"column\" data-e-type=\"column\">\n\t\t\t<div class=\"elementor-widget-wrap elementor-element-populated\">\n\t\t\t\t\t\t<div class=\"elementor-element elementor-element-52cd178 elementor-widget elementor-widget-text-editor\" data-id=\"52cd178\" data-element_type=\"widget\" data-e-type=\"widget\" data-widget_type=\"text-editor.default\">\n\t\t\t\t<div class=\"elementor-widget-container\">\n\t\t\t\t\t\t\t\t\t<p>Paula Garci\u0301a Lorca e\u0301s ma\u0300ster en pedagogia aplicada a l\u2019educacio\u0301 superior, psicopedagoga, especialista en metodologia Glifing i directora virtual d\u2019After- school a Xile.<\/p>\t\t\t\t\t\t\t\t<\/div>\n\t\t\t\t<\/div>\n\t\t\t\t\t<\/div>\n\t\t<\/div>\n\t\t\t\t\t<\/div>\n\t\t<\/section>\n\t\t\t\t\t<\/div>\n\t\t<\/div>\n\t\t\t\t\t<\/div>\n\t\t<\/section>\n\t\t\t\t<section data-particle_enable=\"false\" data-particle-mobile-disabled=\"false\" class=\"elementor-section elementor-top-section elementor-element elementor-element-50e6998 elementor-section-boxed elementor-section-height-default elementor-section-height-default\" data-id=\"50e6998\" data-element_type=\"section\" data-e-type=\"section\" data-settings=\"{&quot;_ha_eqh_enable&quot;:false}\">\n\t\t\t\t\t\t<div class=\"elementor-container elementor-column-gap-default\">\n\t\t\t\t\t<div class=\"elementor-column elementor-col-100 elementor-top-column elementor-element elementor-element-1987931\" data-id=\"1987931\" data-element_type=\"column\" data-e-type=\"column\">\n\t\t\t<div class=\"elementor-widget-wrap elementor-element-populated\">\n\t\t\t\t\t\t<div class=\"elementor-element elementor-element-b55fd1f elementor-widget elementor-widget-image\" data-id=\"b55fd1f\" data-element_type=\"widget\" data-e-type=\"widget\" data-widget_type=\"image.default\">\n\t\t\t\t<div class=\"elementor-widget-container\">\n\t\t\t\t\t\t\t\t\t\t\t\t\t\t\t<img decoding=\"async\" width=\"800\" height=\"11\" src=\"https:\/\/revista.glifing.com\/wp-content\/uploads\/2022\/11\/QUADRADETS-EXPERT-PAULA.png\" class=\"attachment-large size-large wp-image-1633\" alt=\"\" srcset=\"https:\/\/revista.glifing.com\/wp-content\/uploads\/2022\/11\/QUADRADETS-EXPERT-PAULA.png 837w, https:\/\/revista.glifing.com\/wp-content\/uploads\/2022\/11\/QUADRADETS-EXPERT-PAULA-300x4.png 300w, https:\/\/revista.glifing.com\/wp-content\/uploads\/2022\/11\/QUADRADETS-EXPERT-PAULA-768x11.png 768w\" sizes=\"(max-width: 800px) 100vw, 800px\" \/>\t\t\t\t\t\t\t\t\t\t\t\t\t\t\t<\/div>\n\t\t\t\t<\/div>\n\t\t\t\t<div class=\"elementor-element elementor-element-ed47708 elementor-widget elementor-widget-text-editor\" data-id=\"ed47708\" data-element_type=\"widget\" data-e-type=\"widget\" data-widget_type=\"text-editor.default\">\n\t\t\t\t<div class=\"elementor-widget-container\">\n\t\t\t\t\t\t\t\t\t<b>\u201cHola! Voldria saber si podria ajudar el meu fill. Va passar de curs sense poder llegir be\u0301.\u201d<\/b>\t\t\t\t\t\t\t\t<\/div>\n\t\t\t\t<\/div>\n\t\t\t\t<div class=\"elementor-element elementor-element-863bebb elementor-widget elementor-widget-text-editor\" data-id=\"863bebb\" data-element_type=\"widget\" data-e-type=\"widget\" data-widget_type=\"text-editor.default\">\n\t\t\t\t<div class=\"elementor-widget-container\">\n\t\t\t\t\t\t\t\t\tAmb petites variacions a la frase, aquesta e\u0301s la mena de missatges que me\u0301s rebem al nostre centre en qualsevol moment de l\u2019any i, especialment, durant els u\u0301ltims tres geners (primer mes de vacances escolars a Xile).\t\t\t\t\t\t\t\t<\/div>\n\t\t\t\t<\/div>\n\t\t\t\t<div class=\"elementor-element elementor-element-fa68b92 elementor-widget elementor-widget-text-editor\" data-id=\"fa68b92\" data-element_type=\"widget\" data-e-type=\"widget\" data-widget_type=\"text-editor.default\">\n\t\t\t\t<div class=\"elementor-widget-container\">\n\t\t\t\t\t\t\t\t\t<p>Tinc l\u2019honor de poder dir que vam ajudar amb e\u0300xit totes les fami\u0301lies que van decidir confiar en nosaltres i estem segures que aixo\u0300 e\u0301s perque\u0300 el nostre centre, al seu torn, ha basat les intervencions en Glifing. Hem treballat la lectura durant tota la pande\u0300mia i els resultats en tots els casos no nome\u0301s han estat bons, sino\u0301 que han sigut reeixits. S\u2019ha d\u2019explicar als quatre vents!<\/p><p>Al nostre centre d\u2019atencio\u0301 psicopedago\u0300gica, VirtAf, hi succeeix el que li passa a qualsevol especialista que ate\u0301n la neurodiversitat en l\u2019aprenentatge: cada cas e\u0301s u\u0301nic. Quan es parla de neurodiversitat, parlem d\u2019edat, diagno\u0300stics me\u0300dics, condicio\u0301 socioecono\u0300mica, aspectes de ge\u0300nere, tipus de fami\u0301lia, nivell educatiu i un llarg etce\u0300tera.<\/p><p>\u00a0En aquesta a\u0300rea d\u2019atencio\u0301 a les dificultats especi\u0301fiques per accedir als aprenentatges, busquem permanentment materials i recursos per poder trobar \u201cel me\u0300tode u\u0301nic\u201d que respongui a les necessitats especi\u0301fiques, i en aixo\u0300 s\u2019hi inverteix molt de temps que no sempre ens permet recollir els resultats esperats, no nome\u0301s en termes d\u2019e\u0300xits, sino\u0301 amb l\u2019objectivitat que permet expressar-los de manera clara i amb efectivitat a les fami\u0301lies i les escoles. Nome\u0301s cal donar una ullada a la pila d\u2019informes que es generen en un programa d\u2019integracio\u0301, que es converteix, molts cops, me\u0301s en un entrebanc dels processos i els progressos que no pas en unsuport estrate\u0300gic i real. <b>Pero\u0300 Glifing e\u0301s una altra cosa: una veritable ajuda per a cada fami\u0301lia, cada especialista i, aquesta e\u0301s la millor part, per a cada persona que s\u2019entrena amb Glifing.<\/b><\/p><p>\u00a0<\/p><p><b><\/b>Permeteu-me compartir uns quants dels nostres resultats obtinguts:<\/p>\t\t\t\t\t\t\t\t<\/div>\n\t\t\t\t<\/div>\n\t\t\t\t<section data-particle_enable=\"false\" data-particle-mobile-disabled=\"false\" class=\"elementor-section elementor-inner-section elementor-element elementor-element-3bcc288 elementor-section-boxed elementor-section-height-default elementor-section-height-default\" data-id=\"3bcc288\" data-element_type=\"section\" data-e-type=\"section\" data-settings=\"{&quot;_ha_eqh_enable&quot;:false}\">\n\t\t\t\t\t\t<div class=\"elementor-container elementor-column-gap-default\">\n\t\t\t\t\t<div class=\"elementor-column elementor-col-50 elementor-inner-column elementor-element elementor-element-0041fb8\" data-id=\"0041fb8\" data-element_type=\"column\" data-e-type=\"column\">\n\t\t\t<div class=\"elementor-widget-wrap elementor-element-populated\">\n\t\t\t\t\t\t<div class=\"elementor-element elementor-element-dcd5cdc elementor-widget elementor-widget-text-editor\" data-id=\"dcd5cdc\" data-element_type=\"widget\" data-e-type=\"widget\" data-widget_type=\"text-editor.default\">\n\t\t\t\t<div class=\"elementor-widget-container\">\n\t\t\t\t\t\t\t\t\tCas 1: A\u0301ngela, 5e\u0300 any ba\u0300sic\t\t\t\t\t\t\t\t<\/div>\n\t\t\t\t<\/div>\n\t\t\t\t\t<\/div>\n\t\t<\/div>\n\t\t\t\t<div class=\"elementor-column elementor-col-50 elementor-inner-column elementor-element elementor-element-ef53a46\" data-id=\"ef53a46\" data-element_type=\"column\" data-e-type=\"column\">\n\t\t\t<div class=\"elementor-widget-wrap elementor-element-populated\">\n\t\t\t\t\t\t<div class=\"elementor-element elementor-element-cedf6ff offcanvas-button elementor-widget elementor-widget-premium-addon-magic-section\" data-id=\"cedf6ff\" data-element_type=\"widget\" data-e-type=\"widget\" data-widget_type=\"premium-addon-magic-section.default\">\n\t\t\t\t<div class=\"elementor-widget-container\">\n\t\t\t\t\t\r\n\t\t<div class=\"premium-magic-section-container\">\r\n\r\n\t\t\t<div id=\"premium-magic-section-cedf6ff\" class=\"premium-msection-wrap premium-addons__v-hidden offcanvas-overlay right\" data-settings=\"{&quot;position&quot;:&quot;right&quot;,&quot;type&quot;:&quot;slide&quot;,&quot;trigger&quot;:&quot;button&quot;,&quot;style&quot;:&quot;overlay&quot;,&quot;clickOutside&quot;:true}\">\r\n\r\n\t\t\t\t\t<div class=\"premium-msection-content-wrap\">\r\n\t\t\t\t\t\tActualment, el sistema educatiu a Xile estableix vuit cursos d\u2019edu- cacio\u0301 ba\u0300sica o prima\u0300ria, dels 7 anys als 14 anys. (N. de la t.)\t\t\t\t\t<\/div>\r\n\r\n\r\n\t\t\t\t\t<div class=\"premium-msection-close\">\r\n\t\t\t\t\t\t\t\t\t\t\t\t\t<i class=\"premium-msection-close-icon eicon-close\" aria-hidden=\"true\" focusable=\"false\"><\/i>\r\n\t\t\t\t\t\t\t\t\t\t\t<\/div>\r\n\r\n\t\t\t\t\t\r\n\r\n\t\t\t<\/div>\r\n\r\n\t\t\t\r\n\t\t\t\t<div class=\"premium-msection-button-trig\" data-float=\"\">\r\n\t\t\t\t\t\t\t\t<button class=\"premium-button-none  premium-msection-btn premium-btn-block\" data-text=\"Caso 1: \u00c1ngela, 5\u00ba a\u00f1o b\u00e1sico\">\r\n\r\n\t\t\t\r\n\t\t\t\t\t\t\t<div class=\"premium-button-text-icon-wrapper\">\r\n\t\t\t\t\t<span class=\"premium-msection-btn-text\">\r\n\t\t\t\t\t\tCaso 1: \u00c1ngela, 5\u00ba a\u00f1o b\u00e1sico\t\t\t\t\t<\/span>\r\n\t\t\t\t<\/div>\r\n\t\t\t\r\n\t\t\t\r\n\t\t\t\r\n\t\t\t<\/button>\r\n\t\t\t\t\t\t\t\t<\/div>\r\n\r\n\t\t\t\r\n\t\t<\/div>\r\n\r\n\t\t\t\t\t<div class=\"premium-msection-overlay-cedf6ff premium-msection-overlay premium-addons__v-hidden\"><\/div>\r\n\t\t\r\n\t\t\t\t\t\t<\/div>\n\t\t\t\t<\/div>\n\t\t\t\t\t<\/div>\n\t\t<\/div>\n\t\t\t\t\t<\/div>\n\t\t<\/section>\n\t\t\t\t<div class=\"elementor-element elementor-element-88e7cf5 elementor-widget elementor-widget-text-editor\" data-id=\"88e7cf5\" data-element_type=\"widget\" data-e-type=\"widget\" data-widget_type=\"text-editor.default\">\n\t\t\t\t<div class=\"elementor-widget-container\">\n\t\t\t\t\t\t\t\t\t<p>Sense diagno\u0300stic associat a les seves dificultats lectores, malgrat que els resultats de l\u2019avaluacio\u0301 inicial van indicar que presentava una edat lectora de primer ba\u0300sic. La mare buscava ajuda permanentment, pero\u0300 l\u2019efectivitat d\u2019aquesta ajuda era sempre limitada, poc clara i molt descoratjadora: la resposta t\u00edpica era \u201cha de llegir me\u0301s\u201d. Un cop avaluada, vam entendre per que\u0300 no funcionava: necessita\u0300vem anar me\u0301s enrere per comenc\u0327ar a sanar.<br \/><br \/>L\u2019A\u0301ngela estava 4-5 anys per sota de la seva edat lectora esperada. Aquesta evident disminucio\u0301 d\u2019habilitats no va ser especialment cridanera els primers anys escolars, per la qual cosa no es va atendre, s\u2019esperava que madure\u0301s me\u0301s. No obstant aixo\u0300, els anys de pande\u0300mia van anar fent encara me\u0301s noto\u0300ria la falta d\u2019autonomia escolar i lectora, cosa que va ben alertar la seva mare, qui va poder constatar que els resultats acade\u0300mics i el fet que cada cop tingue\u0301s menys bon humor i disposicio\u0301 per a les tasques escolars feien que la convive\u0300ncia a casa cada dia fos me\u0301s dif\u00edcil.<br \/><br \/>A l\u2019A\u0301ngela, pero\u0300, se li va activar la motivacio\u0301 amb Glifing des del primer minut i, quan va haver completat 22 hores d\u2019entrenament (distribui\u0308des en 15 minuts diaris de dilluns a divendres durant 5 mesos), va avanc\u0327ar dos anys el nivell lector: va passar d\u2019una lectura pro\u0300pia de 1r ba\u0300sic a un nivell lector de 3r ba\u0300sic.<br \/><br \/>El quadre segu\u0308ent contrasta els resultats de l\u2019inici i del final que la mare em va autoritzar, amb alegria, a compartir amb vosaltres:<\/p>\t\t\t\t\t\t\t\t<\/div>\n\t\t\t\t<\/div>\n\t\t\t\t<div class=\"elementor-element elementor-element-7336546 elementor-widget elementor-widget-image\" data-id=\"7336546\" data-element_type=\"widget\" data-e-type=\"widget\" data-widget_type=\"image.default\">\n\t\t\t\t<div class=\"elementor-widget-container\">\n\t\t\t\t\t\t\t\t\t\t\t\t<figure class=\"wp-caption\">\n\t\t\t\t\t\t\t\t\t\t<img decoding=\"async\" width=\"320\" height=\"284\" src=\"https:\/\/revista.glifing.com\/wp-content\/uploads\/2022\/11\/QUADRE-EXPERT-PAULA-CAT.png\" class=\"attachment-large size-large wp-image-1631\" alt=\"\" srcset=\"https:\/\/revista.glifing.com\/wp-content\/uploads\/2022\/11\/QUADRE-EXPERT-PAULA-CAT.png 320w, https:\/\/revista.glifing.com\/wp-content\/uploads\/2022\/11\/QUADRE-EXPERT-PAULA-CAT-300x266.png 300w\" sizes=\"(max-width: 320px) 100vw, 320px\" \/>\t\t\t\t\t\t\t\t\t\t\t<figcaption class=\"widget-image-caption wp-caption-text\">Quadre resum dels resultats de l\u2019A\u0301ngela.<\/figcaption>\n\t\t\t\t\t\t\t\t\t\t<\/figure>\n\t\t\t\t\t\t\t\t\t<\/div>\n\t\t\t\t<\/div>\n\t\t\t\t<div class=\"elementor-element elementor-element-a6bc1cb elementor-widget elementor-widget-text-editor\" data-id=\"a6bc1cb\" data-element_type=\"widget\" data-e-type=\"widget\" data-widget_type=\"text-editor.default\">\n\t\t\t\t<div class=\"elementor-widget-container\">\n\t\t\t\t\t\t\t\t\tCas 2: Amaya, 2n any ba\u0300sic\t\t\t\t\t\t\t\t<\/div>\n\t\t\t\t<\/div>\n\t\t\t\t<div class=\"elementor-element elementor-element-4a04433 elementor-widget elementor-widget-text-editor\" data-id=\"4a04433\" data-element_type=\"widget\" data-e-type=\"widget\" data-widget_type=\"text-editor.default\">\n\t\t\t\t<div class=\"elementor-widget-container\">\n\t\t\t\t\t\t\t\t\t<p>La seva mare va contactar amb nosaltres quan va saber, a trave\u0301s de DISFAM a Xile, que treballem de manera integral la disle\u0300xia.<\/p><p>L\u2019Amaya estava sotmesa constantment a situacions de molt d\u2019estre\u0300s acade\u0300mic, amb exige\u0300ncies de lectura pu\u0301bliques tremendament contraproduents per als seus processos de socialitzacio\u0301, desenvolupament emocional i autonomia.<\/p><p>La positura que tenia davant de la pantalla (tota la nostra feina e\u0301s 100 % virtual) era al principi amb els brac\u0327os creuats damunt del pit i fent respostes amb monosi\u0301l\u00b7labs \u201csi\u0301\u201d, \u201cno\u201d. Pero\u0300 a mesura que avanc\u0327aven els dies, va canviar i s\u2019asseia de manera me\u0301s relaxada, i el seu somriure es va convertir en un riure cada cop me\u0301s melodio\u0301s, i s\u2019hi van anar afegint paraules com ara \u201cno ho se\u0301\u201d i \u201cm\u2019ha agradat molt\u201d i frases completes que naixien esponta\u0300niament i que es van convertir en converses enriquidores cada dia amb me\u0301s energia. A me\u0301s a me\u0301s, va comenc\u0327ar a reintegrar-se en el proce\u0301s educatiu escolar, gra\u0300cies a un esforc\u0327 conjunt entre l\u2019escola i la fami\u0301lia per comunicar-se d\u2019una manera me\u0301s comprensiva i constructiva al voltant del diagno\u0300stic que, sens dubte, vam confirmar.<\/p><p>E\u0301s important destacar que, com en la majoria dels casos en que\u0300 es presenta la disle\u0300xia, el seu problema e\u0301s de descodificacio\u0301; la comprensio\u0301 de textos e\u0301s alta i fins i tot destacada si els textos so\u0301n escoltats, e\u0301s a dir, si els llegeix una tercera persona.<\/p><p>No pas en tots els casos s\u2019espera un progre\u0301s tan ra\u0300pid, pero\u0300 els resultats que l\u2019Amaya va aconseguir en nome\u0301s 5 mesos i 25 hores d\u2019entrenament so\u0301n tan bonics com la disposicio\u0301 actual que te\u0301 per aprendre i participar a classe.<br \/>El seu proce\u0301s encara no s\u2019ha acabat. A l\u2019Amaya li cal continuar treballant la lectura, pero\u0300 el primer pas, el canvi d\u2019actitud, ens obre, i li obre, la porta a continuar millorant.<\/p><p>Gra\u0300cies a Glifing, els resultats que hem compartit aqui\u0301 s\u2019estenen a cada una de les nostres fami\u0301lies virtafinas, cada una amb les seves pro\u0300pies caracteri\u0301stiques, diagno\u0300stic i necessitats. En cada cas, s\u2019avanc\u0327a a un ritme personal i efectiu que podem comunicar de manera clara i objectiva, tambe\u0301 reflectit en una millora completa de la qualitat de vida.<\/p><p>Em fa felic\u0327 poder-vos explicar la nostra experie\u0300ncia amb Glifing, perque\u0300 aquesta eina ens ajuda de manera completa i integral i enforteix el nostre treball professional quotidia\u0300, cosa que ens ajuda a evidenciar no nome\u0301s resultats quantitatius, sino\u0301 tambe\u0301 qualitatius. Dit d\u2019una altra manera, si es fa servir aquesta eina, no nome\u0301s s\u2019aconsegueix millorar la lectura, sino\u0301 que tambe\u0301 s\u2019aconsegueix millorar la motivacio\u0301 cap a l\u2019aprenentatge, el desenvolupament personal i social i la generacio\u0301 d\u2019ha\u0300bits d\u2019estudi i autonomia. Tambe\u0301 ajuda que hi hagi un bon equilibri entre nivells d\u2019autoefica\u0300cia i autoestima, un concepte enfortit d\u2019assoliment i va\u0300lua com a persona i, per tant, enforteix l\u2019alegria, la convive\u0300ncia, l\u2019expressio\u0301 d\u2019emocions i la comunicacio\u0301 efectiva.<\/p>\t\t\t\t\t\t\t\t<\/div>\n\t\t\t\t<\/div>\n\t\t\t\t\t<\/div>\n\t\t<\/div>\n\t\t\t\t\t<\/div>\n\t\t<\/section>\n\t\t\t\t<\/div>\n\t\t","protected":false},"excerpt":{"rendered":"<p>Els experts opinen: La Lectura Paula Garc\u00eda Lorca Els experts opinen Paula Garc\u00eda Lorca M\u00e0ster en Pedagogia Aplicada a l&#8217;Educaci\u00f3 Superior Psicopedagoga Especialista Metodologia Glifing Directora virtual de Afterschool Xile Paula Garci\u0301a Lorca e\u0301s ma\u0300ster en pedagogia aplicada a l\u2019educacio\u0301 superior, psicopedagoga, especialista en metodologia Glifing i directora virtual d\u2019After- school a Xile. \u201cHola! Voldria [&hellip;]<\/p>\n","protected":false},"author":1,"featured_media":0,"parent":0,"menu_order":0,"comment_status":"closed","ping_status":"closed","template":"","meta":{"footnotes":""},"class_list":["post-2535","page","type-page","status-publish","hentry"],"_links":{"self":[{"href":"https:\/\/revista.glifing.com\/ca\/wp-json\/wp\/v2\/pages\/2535","targetHints":{"allow":["GET"]}}],"collection":[{"href":"https:\/\/revista.glifing.com\/ca\/wp-json\/wp\/v2\/pages"}],"about":[{"href":"https:\/\/revista.glifing.com\/ca\/wp-json\/wp\/v2\/types\/page"}],"author":[{"embeddable":true,"href":"https:\/\/revista.glifing.com\/ca\/wp-json\/wp\/v2\/users\/1"}],"replies":[{"embeddable":true,"href":"https:\/\/revista.glifing.com\/ca\/wp-json\/wp\/v2\/comments?post=2535"}],"version-history":[{"count":1,"href":"https:\/\/revista.glifing.com\/ca\/wp-json\/wp\/v2\/pages\/2535\/revisions"}],"predecessor-version":[{"id":5059,"href":"https:\/\/revista.glifing.com\/ca\/wp-json\/wp\/v2\/pages\/2535\/revisions\/5059"}],"wp:attachment":[{"href":"https:\/\/revista.glifing.com\/ca\/wp-json\/wp\/v2\/media?parent=2535"}],"curies":[{"name":"wp","href":"https:\/\/api.w.org\/{rel}","templated":true}]}}