{"id":4828,"date":"2025-08-18T16:10:47","date_gmt":"2025-08-18T14:10:47","guid":{"rendered":"https:\/\/revista.glifing.com\/fundacio-acompanando-pasos-per-una-infancia-acompanyada-protegida-i-amb-futur\/"},"modified":"2025-09-24T00:59:55","modified_gmt":"2025-09-23T22:59:55","slug":"fundacio-acompanando-pasos-per-una-infancia-acompanyada-protegida-i-amb-futur","status":"publish","type":"page","link":"https:\/\/revista.glifing.com\/ca\/segona\/fundacio-acompanando-pasos-per-una-infancia-acompanyada-protegida-i-amb-futur\/","title":{"rendered":"Fundacio\u0301 Acompan\u0303ando Pasos: per una infa\u0300ncia acompanyada, protegida i amb futur."},"content":{"rendered":"\t\t<div data-elementor-type=\"wp-page\" data-elementor-id=\"4828\" class=\"elementor elementor-4828 elementor-4643\" data-elementor-settings=\"{&quot;ha_cmc_init_switcher&quot;:&quot;no&quot;}\" data-elementor-post-type=\"page\">\n\t\t\t\t\t\t<section data-particle_enable=\"false\" data-particle-mobile-disabled=\"false\" class=\"elementor-section elementor-top-section elementor-element elementor-element-495b864 elementor-section-full_width elementor-section-height-default elementor-section-height-default\" data-id=\"495b864\" data-element_type=\"section\" data-e-type=\"section\" data-settings=\"{&quot;_ha_eqh_enable&quot;:false}\">\n\t\t\t\t\t\t<div class=\"elementor-container elementor-column-gap-default\">\n\t\t\t\t\t<div class=\"elementor-column elementor-col-100 elementor-top-column elementor-element elementor-element-b0118f7\" data-id=\"b0118f7\" data-element_type=\"column\" data-e-type=\"column\">\n\t\t\t<div class=\"elementor-widget-wrap elementor-element-populated\">\n\t\t\t\t\t\t<div class=\"elementor-element elementor-element-c2b6007 elementor-widget elementor-widget-button\" data-id=\"c2b6007\" data-element_type=\"widget\" data-e-type=\"widget\" data-widget_type=\"button.default\">\n\t\t\t\t<div class=\"elementor-widget-container\">\n\t\t\t\t\t\t\t\t\t<div class=\"elementor-button-wrapper\">\n\t\t\t\t\t<a class=\"elementor-button elementor-size-md\" role=\"button\">\n\t\t\t\t\t\t<span class=\"elementor-button-content-wrapper\">\n\t\t\t\t\t\t\t\t\t<span class=\"elementor-button-text\">Solidaris<\/span>\n\t\t\t\t\t<\/span>\n\t\t\t\t\t<\/a>\n\t\t\t\t<\/div>\n\t\t\t\t\t\t\t\t<\/div>\n\t\t\t\t<\/div>\n\t\t\t\t<div class=\"elementor-element elementor-element-069506e elementor-widget elementor-widget-image\" data-id=\"069506e\" data-element_type=\"widget\" data-e-type=\"widget\" data-widget_type=\"image.default\">\n\t\t\t\t<div class=\"elementor-widget-container\">\n\t\t\t\t\t\t\t\t\t\t\t\t\t\t\t<img fetchpriority=\"high\" decoding=\"async\" width=\"2043\" height=\"750\" src=\"https:\/\/revista.glifing.com\/wp-content\/uploads\/2025\/08\/42-titulo-pasos.png\" class=\"attachment-full size-full wp-image-4109\" alt=\"\" srcset=\"https:\/\/revista.glifing.com\/wp-content\/uploads\/2025\/08\/42-titulo-pasos.png 2043w, https:\/\/revista.glifing.com\/wp-content\/uploads\/2025\/08\/42-titulo-pasos-300x110.png 300w, https:\/\/revista.glifing.com\/wp-content\/uploads\/2025\/08\/42-titulo-pasos-1024x376.png 1024w, https:\/\/revista.glifing.com\/wp-content\/uploads\/2025\/08\/42-titulo-pasos-768x282.png 768w, https:\/\/revista.glifing.com\/wp-content\/uploads\/2025\/08\/42-titulo-pasos-1536x564.png 1536w\" sizes=\"(max-width: 2043px) 100vw, 2043px\" \/>\t\t\t\t\t\t\t\t\t\t\t\t\t\t\t<\/div>\n\t\t\t\t<\/div>\n\t\t\t\t\t<\/div>\n\t\t<\/div>\n\t\t\t\t\t<\/div>\n\t\t<\/section>\n\t\t\t\t<section data-particle_enable=\"false\" data-particle-mobile-disabled=\"false\" class=\"elementor-section elementor-top-section elementor-element elementor-element-bda17c0 elementor-section-boxed elementor-section-height-default elementor-section-height-default\" data-id=\"bda17c0\" data-element_type=\"section\" data-e-type=\"section\" data-settings=\"{&quot;_ha_eqh_enable&quot;:false}\">\n\t\t\t\t\t\t<div class=\"elementor-container elementor-column-gap-default\">\n\t\t\t\t\t<div class=\"elementor-column elementor-col-100 elementor-top-column elementor-element elementor-element-a0320c6\" data-id=\"a0320c6\" data-element_type=\"column\" data-e-type=\"column\">\n\t\t\t<div class=\"elementor-widget-wrap elementor-element-populated\">\n\t\t\t\t\t\t<div class=\"elementor-element elementor-element-0c1ad8d elementor-widget elementor-widget-text-editor\" data-id=\"0c1ad8d\" data-element_type=\"widget\" data-e-type=\"widget\" data-widget_type=\"text-editor.default\">\n\t\t\t\t<div class=\"elementor-widget-container\">\n\t\t\t\t\t\t\t\t\t<div class=\"page\" title=\"P\u00e0gina 15\"><div class=\"layoutArea\"><div class=\"column\"><p>A Xile, una gran part dels infants ha d\u2019afrontar una realitat preocupant quan surten de l\u2019escola i els seus cuidadors treballen. Un estudi de la Fundacio\u0301 Chile i la Universitat Cato\u0300lica (2019) va revelar que el 18 % dels menors entre 5 i 10 anys es queda sol. Aquesta situacio\u0301 e\u0301s me\u0301s comuna en sectors socioecono\u0300mics baixos. La solitud infantil, a me\u0301s a me\u0301s de ser una problema\u0300tica social, pot tenir efectes greus en la salut mental i f\u00edsica.<\/p><p>Aquesta problema\u0300tica social te\u0301 tambe\u0301 repercussions en els aspectes cognitius dels estudiants i es manifesta de manera molt clara i preocupant en els resultats escolars. Per exemple, d\u2019acord amb unes dades de l\u2019Observatorio Nin\u0303ez que la Fundacio\u0301 Colunga va publicar al gener de 2025, el 29 % dels estudiants de quart de prima\u0300ria no assoleixen les compete\u0300ncies mi\u0301nimes en lectura.<\/p><p>Tenint en compte aquesta realitat, va ne\u0301ixer la Fundacio\u0301 Acompan\u0303ando Pasos, una organitzacio\u0301 que busca transformar aquestes condicions mitjanc\u0327ant una intervencio\u0301 social i educativa centrada en el benestar, la proteccio\u0301 i l\u2019acompanyament. El propo\u0300sit que te\u0301 e\u0301s generar entorns segurs, inclusius i enriquidors per als infants i les seves fami\u0301lies, amb programes extraescolars que enforteixin tant el desenvo- lupament infantil com el vincle familiar, amb l\u2019escola i la comunitat.<\/p><p>La fundacio\u0301 es proposa arribar als seus objectius a trave\u0301s de tres pilars clau:<\/p><\/div><\/div><\/div>\t\t\t\t\t\t\t\t<\/div>\n\t\t\t\t<\/div>\n\t\t\t\t<section data-particle_enable=\"false\" data-particle-mobile-disabled=\"false\" class=\"elementor-section elementor-inner-section elementor-element elementor-element-ea28e59 elementor-section-boxed elementor-section-height-default elementor-section-height-default\" data-id=\"ea28e59\" data-element_type=\"section\" data-e-type=\"section\" data-settings=\"{&quot;_ha_eqh_enable&quot;:false}\">\n\t\t\t\t\t\t<div class=\"elementor-container elementor-column-gap-default\">\n\t\t\t\t\t<div class=\"elementor-column elementor-col-33 elementor-inner-column elementor-element elementor-element-e639d5c\" data-id=\"e639d5c\" data-element_type=\"column\" data-e-type=\"column\">\n\t\t\t<div class=\"elementor-widget-wrap elementor-element-populated\">\n\t\t\t\t\t\t<div class=\"elementor-element elementor-element-d0bf8ff elementor-widget elementor-widget-text-editor\" data-id=\"d0bf8ff\" data-element_type=\"widget\" data-e-type=\"widget\" data-widget_type=\"text-editor.default\">\n\t\t\t\t<div class=\"elementor-widget-container\">\n\t\t\t\t\t\t\t\t\t<div class=\"page\" title=\"P\u00e0gina 15\"><div class=\"layoutArea\"><div class=\"column\"><p><strong>1. Fomentar un sentit de comunitat<\/strong> per fer augmentar els factors protectors.<\/p><\/div><\/div><\/div>\t\t\t\t\t\t\t\t<\/div>\n\t\t\t\t<\/div>\n\t\t\t\t\t<\/div>\n\t\t<\/div>\n\t\t\t\t<div class=\"elementor-column elementor-col-33 elementor-inner-column elementor-element elementor-element-9c49649\" data-id=\"9c49649\" data-element_type=\"column\" data-e-type=\"column\">\n\t\t\t<div class=\"elementor-widget-wrap elementor-element-populated\">\n\t\t\t\t\t\t<div class=\"elementor-element elementor-element-6903205 elementor-widget elementor-widget-text-editor\" data-id=\"6903205\" data-element_type=\"widget\" data-e-type=\"widget\" data-widget_type=\"text-editor.default\">\n\t\t\t\t<div class=\"elementor-widget-container\">\n\t\t\t\t\t\t\t\t\t<div class=\"page\" title=\"P\u00e0gina 15\"><div class=\"layoutArea\"><div class=\"column\"><p><strong>2.Desenvolupar habilitats socioemocionals mitjanc\u0327ant activitats lu\u0301diques<\/strong> inspirades en el model CASEL (autoconeixement, autogestio\u0301, conscie\u0300ncia social, habilitats relacionals i presa de decisions responsables).<\/p><\/div><\/div><\/div>\t\t\t\t\t\t\t\t<\/div>\n\t\t\t\t<\/div>\n\t\t\t\t\t<\/div>\n\t\t<\/div>\n\t\t\t\t<div class=\"elementor-column elementor-col-33 elementor-inner-column elementor-element elementor-element-b15c76e\" data-id=\"b15c76e\" data-element_type=\"column\" data-e-type=\"column\">\n\t\t\t<div class=\"elementor-widget-wrap elementor-element-populated\">\n\t\t\t\t\t\t<div class=\"elementor-element elementor-element-06e9276 elementor-widget elementor-widget-text-editor\" data-id=\"06e9276\" data-element_type=\"widget\" data-e-type=\"widget\" data-widget_type=\"text-editor.default\">\n\t\t\t\t<div class=\"elementor-widget-container\">\n\t\t\t\t\t\t\t\t\t<div class=\"page\" title=\"P\u00e0gina 15\"><div class=\"layoutArea\"><div class=\"column\"><p><strong>3. Millorar les habilitats lectores dels infants amb un treball col\u00b7laboratiu amb Glifing,<\/strong> en que\u0300 s\u2019abordi la comprensio\u0301 i la meca\u0300nica lectora.<\/p><\/div><\/div><\/div>\t\t\t\t\t\t\t\t<\/div>\n\t\t\t\t<\/div>\n\t\t\t\t\t<\/div>\n\t\t<\/div>\n\t\t\t\t\t<\/div>\n\t\t<\/section>\n\t\t\t\t<div class=\"elementor-element elementor-element-9c71efa elementor-widget elementor-widget-text-editor\" data-id=\"9c71efa\" data-element_type=\"widget\" data-e-type=\"widget\" data-widget_type=\"text-editor.default\">\n\t\t\t\t<div class=\"elementor-widget-container\">\n\t\t\t\t\t\t\t\t\t<div class=\"page\" title=\"P\u00e0gina 15\"><div class=\"layoutArea\"><div class=\"column\"><p>L\u2019any 2024, 248 infants es van beneficiar de la fundacio\u0301 a set seus actives ubicades en comunes com La Pintana, Maipu\u0301, Huechuraba, Renca, Lo Espejo i Llay Llay. Es va arribar a una taxa d\u2019assiste\u0300ncia del 75 % durant el primer semestre i una permane\u0300ncia del 96 %.<br>Els resultats sobre la intervencio\u0301 de Glifing, durant l\u2019any 2024, mostren una evolucio\u0301 significativa particularment en la meca\u0300nica lectora dels estudiants avaluats. En la mesura inicial de l\u2019any (Pre), el 46,61 % estava al nivell baix (percentil 0-14), mentre que nome\u0301s un 4,96 % arribava al nivell alt (percentil 75-200). Un cop es va haver fet la intervencio\u0301 del programa (Post), es va veure que el nivell baix s\u2019havia redui\u0308t notablement al 31,69 % i que el nivell alt havia augmentat al 8,2 %. A me\u0301s a me\u0301s, el nivell mitja\u0300 va passar de representar el 23,53 % al 45,36 % del total, o sigui que va duplicar la proporcio\u0301, cosa que suggereix que les habilitats lectores van millorar de manera generalitzada. Aquests resultats reflecteixen un avenc\u0327 positiu en la comprensio\u0301 i la flui\u0308desa lectora, amb la qual cosa es destaca que les estrate\u0300gies implementades so\u0301n efectives.<\/p><p>Amb un equip directiu format per professionals de l\u2019a\u0300rea educativa i social, la Fundacio\u0301 Acom-pan\u0303ando Pasos es projecta com un actor clau a l\u2019hora de construir comunitats d\u2019aprenentatge me\u0301s justes, segures i solida\u0300ries.<\/p><p>La nostra visio\u0301: un Xile on tots els infants puguin arribar al seu ma\u0300xim potencial en espais protegits.<\/p><\/div><\/div><\/div>\t\t\t\t\t\t\t\t<\/div>\n\t\t\t\t<\/div>\n\t\t\t\t\t<\/div>\n\t\t<\/div>\n\t\t\t\t\t<\/div>\n\t\t<\/section>\n\t\t\t\t<section data-particle_enable=\"false\" data-particle-mobile-disabled=\"false\" class=\"elementor-section elementor-top-section elementor-element elementor-element-5121e10 elementor-section-boxed elementor-section-height-default elementor-section-height-default\" data-id=\"5121e10\" data-element_type=\"section\" data-e-type=\"section\" data-settings=\"{&quot;_ha_eqh_enable&quot;:false}\">\n\t\t\t\t\t\t<div class=\"elementor-container elementor-column-gap-default\">\n\t\t\t\t\t<div class=\"elementor-column elementor-col-100 elementor-top-column elementor-element elementor-element-8857f30\" data-id=\"8857f30\" data-element_type=\"column\" data-e-type=\"column\">\n\t\t\t<div class=\"elementor-widget-wrap elementor-element-populated\">\n\t\t\t\t\t\t<section data-particle_enable=\"false\" data-particle-mobile-disabled=\"false\" class=\"elementor-section elementor-inner-section elementor-element elementor-element-6b29256 elementor-section-boxed elementor-section-height-default elementor-section-height-default\" data-id=\"6b29256\" data-element_type=\"section\" data-e-type=\"section\" data-settings=\"{&quot;_ha_eqh_enable&quot;:false}\">\n\t\t\t\t\t\t<div class=\"elementor-container elementor-column-gap-default\">\n\t\t\t\t\t<div class=\"elementor-column elementor-col-50 elementor-inner-column elementor-element elementor-element-da71387\" data-id=\"da71387\" data-element_type=\"column\" data-e-type=\"column\">\n\t\t\t<div class=\"elementor-widget-wrap\">\n\t\t\t\t\t\t\t<\/div>\n\t\t<\/div>\n\t\t\t\t<div class=\"elementor-column elementor-col-50 elementor-inner-column elementor-element elementor-element-50f845c\" data-id=\"50f845c\" data-element_type=\"column\" data-e-type=\"column\">\n\t\t\t<div class=\"elementor-widget-wrap elementor-element-populated\">\n\t\t\t\t\t\t<div class=\"elementor-element elementor-element-649557d eael-team-align-eael-team-align-default elementor-widget elementor-widget-eael-team-member\" data-id=\"649557d\" data-element_type=\"widget\" data-e-type=\"widget\" data-widget_type=\"eael-team-member.default\">\n\t\t\t\t<div class=\"elementor-widget-container\">\n\t\t\t\t\t\n\n\t<div id=\"eael-team-member-649557d\" class=\"eael-team-item eael-team-members-circle \">\n\t\t<div class=\"eael-team-item-inner\">\n\t\t\t<div class=\"eael-team-image\">\n\t\t\t\t<figure>\n\t\t\t\t\t\t\t\t\t<\/figure>\n\t\t\t\t\n\t\t\t\t\n\t\t\t<\/div>\n\n\t\t\t<div class=\"eael-team-content\">\n\t\t\t\t<h2 class=\"eael-team-member-name\">Carlos Gutierrez<\/h2><h3 class=\"eael-team-member-position\">Director Executiu<\/h3>\n\t\t\t\t\t\t\t\t\t\t\t\t\t\t<p class=\"eael-team-text\"><\/p>\n\t\t\t\t\t\t\t<\/div>\n\t\t<\/div>\n\t<\/div>\n\t\t\t\t\t<\/div>\n\t\t\t\t<\/div>\n\t\t\t\t<section data-particle_enable=\"false\" data-particle-mobile-disabled=\"false\" class=\"elementor-section elementor-inner-section elementor-element elementor-element-f3bd418 elementor-section-boxed elementor-section-height-default elementor-section-height-default\" data-id=\"f3bd418\" data-element_type=\"section\" data-e-type=\"section\" data-settings=\"{&quot;_ha_eqh_enable&quot;:false}\">\n\t\t\t\t\t\t<div class=\"elementor-container elementor-column-gap-default\">\n\t\t\t\t\t<div class=\"elementor-column elementor-col-100 elementor-inner-column elementor-element elementor-element-581ced9\" data-id=\"581ced9\" data-element_type=\"column\" data-e-type=\"column\">\n\t\t\t<div class=\"elementor-widget-wrap elementor-element-populated\">\n\t\t\t\t\t\t<div class=\"elementor-element elementor-element-92bee87 elementor-widget elementor-widget-image\" data-id=\"92bee87\" data-element_type=\"widget\" data-e-type=\"widget\" data-widget_type=\"image.default\">\n\t\t\t\t<div class=\"elementor-widget-container\">\n\t\t\t\t\t\t\t\t\t\t\t\t\t\t\t\t<a href=\"https:\/\/acompanandopasos.cl\" target=\"_blank\" rel=\"nofollow\">\n\t\t\t\t\t\t\t<img decoding=\"async\" width=\"322\" height=\"157\" src=\"https:\/\/revista.glifing.com\/wp-content\/uploads\/2025\/08\/images-3.png\" class=\"elementor-animation-grow attachment-large size-large wp-image-4688\" alt=\"\" srcset=\"https:\/\/revista.glifing.com\/wp-content\/uploads\/2025\/08\/images-3.png 322w, https:\/\/revista.glifing.com\/wp-content\/uploads\/2025\/08\/images-3-300x146.png 300w\" sizes=\"(max-width: 322px) 100vw, 322px\" \/>\t\t\t\t\t\t\t\t<\/a>\n\t\t\t\t\t\t\t\t\t\t\t\t\t\t\t<\/div>\n\t\t\t\t<\/div>\n\t\t\t\t\t<\/div>\n\t\t<\/div>\n\t\t\t\t\t<\/div>\n\t\t<\/section>\n\t\t\t\t\t<\/div>\n\t\t<\/div>\n\t\t\t\t\t<\/div>\n\t\t<\/section>\n\t\t\t\t\t<\/div>\n\t\t<\/div>\n\t\t\t\t\t<\/div>\n\t\t<\/section>\n\t\t\t\t<section data-particle_enable=\"false\" data-particle-mobile-disabled=\"false\" class=\"elementor-section elementor-top-section elementor-element elementor-element-94ec9d5 elementor-section-boxed elementor-section-height-default elementor-section-height-default\" data-id=\"94ec9d5\" data-element_type=\"section\" data-e-type=\"section\" data-settings=\"{&quot;_ha_eqh_enable&quot;:false}\">\n\t\t\t\t\t\t<div class=\"elementor-container elementor-column-gap-default\">\n\t\t\t\t\t<div class=\"elementor-column elementor-col-100 elementor-top-column elementor-element elementor-element-45b3fd1\" data-id=\"45b3fd1\" data-element_type=\"column\" data-e-type=\"column\">\n\t\t\t<div class=\"elementor-widget-wrap elementor-element-populated\">\n\t\t\t\t\t\t<div class=\"elementor-element elementor-element-79c25d6 elementor-widget elementor-widget-text-editor\" data-id=\"79c25d6\" data-element_type=\"widget\" data-e-type=\"widget\" data-widget_type=\"text-editor.default\">\n\t\t\t\t<div class=\"elementor-widget-container\">\n\t\t\t\t\t\t\t\t\t<p>Aqu\u00ed pots veure el v\u00eddeo de l&#8217;Esdeveniment solidari 2024 d&#8217;Acompa\u00f1ando Pasos:<\/p>\t\t\t\t\t\t\t\t<\/div>\n\t\t\t\t<\/div>\n\t\t\t\t<section data-particle_enable=\"false\" data-particle-mobile-disabled=\"false\" class=\"elementor-section elementor-inner-section elementor-element elementor-element-9622853 elementor-section-boxed elementor-section-height-default elementor-section-height-default\" data-id=\"9622853\" data-element_type=\"section\" data-e-type=\"section\" data-settings=\"{&quot;_ha_eqh_enable&quot;:false}\">\n\t\t\t\t\t\t<div class=\"elementor-container elementor-column-gap-default\">\n\t\t\t\t\t<div class=\"elementor-column elementor-col-100 elementor-inner-column elementor-element elementor-element-fc4a05c\" data-id=\"fc4a05c\" data-element_type=\"column\" data-e-type=\"column\">\n\t\t\t<div class=\"elementor-widget-wrap elementor-element-populated\">\n\t\t\t\t\t\t<div class=\"elementor-element elementor-element-d1b0fb7 elementor-widget elementor-widget-video\" data-id=\"d1b0fb7\" data-element_type=\"widget\" data-e-type=\"widget\" data-settings=\"{&quot;youtube_url&quot;:&quot;https:\\\/\\\/www.youtube.com\\\/watch?app=desktop&amp;v=HnQPvdy_2Yk&amp;ab_channel=Fundaci%C3%B3nAcompa%C3%B1andoPasos&quot;,&quot;video_type&quot;:&quot;youtube&quot;,&quot;controls&quot;:&quot;yes&quot;}\" data-widget_type=\"video.default\">\n\t\t\t\t<div class=\"elementor-widget-container\">\n\t\t\t\t\t\t\t<div class=\"elementor-wrapper elementor-open-inline\">\n\t\t\t<div class=\"elementor-video\"><\/div>\t\t<\/div>\n\t\t\t\t\t\t<\/div>\n\t\t\t\t<\/div>\n\t\t\t\t\t<\/div>\n\t\t<\/div>\n\t\t\t\t\t<\/div>\n\t\t<\/section>\n\t\t\t\t\t<\/div>\n\t\t<\/div>\n\t\t\t\t\t<\/div>\n\t\t<\/section>\n\t\t\t\t<\/div>\n\t\t","protected":false},"excerpt":{"rendered":"<p>Solidaris A Xile, una gran part dels infants ha d\u2019afrontar una realitat preocupant quan surten de l\u2019escola i els seus cuidadors treballen. Un estudi de la Fundacio\u0301 Chile i la Universitat Cato\u0300lica (2019) va revelar que el 18 % dels menors entre 5 i 10 anys es queda sol. Aquesta situacio\u0301 e\u0301s me\u0301s comuna en [&hellip;]<\/p>\n","protected":false},"author":1,"featured_media":0,"parent":4927,"menu_order":0,"comment_status":"closed","ping_status":"closed","template":"","meta":{"footnotes":""},"class_list":["post-4828","page","type-page","status-publish","hentry"],"_links":{"self":[{"href":"https:\/\/revista.glifing.com\/ca\/wp-json\/wp\/v2\/pages\/4828","targetHints":{"allow":["GET"]}}],"collection":[{"href":"https:\/\/revista.glifing.com\/ca\/wp-json\/wp\/v2\/pages"}],"about":[{"href":"https:\/\/revista.glifing.com\/ca\/wp-json\/wp\/v2\/types\/page"}],"author":[{"embeddable":true,"href":"https:\/\/revista.glifing.com\/ca\/wp-json\/wp\/v2\/users\/1"}],"replies":[{"embeddable":true,"href":"https:\/\/revista.glifing.com\/ca\/wp-json\/wp\/v2\/comments?post=4828"}],"version-history":[{"count":2,"href":"https:\/\/revista.glifing.com\/ca\/wp-json\/wp\/v2\/pages\/4828\/revisions"}],"predecessor-version":[{"id":5669,"href":"https:\/\/revista.glifing.com\/ca\/wp-json\/wp\/v2\/pages\/4828\/revisions\/5669"}],"up":[{"embeddable":true,"href":"https:\/\/revista.glifing.com\/ca\/wp-json\/wp\/v2\/pages\/4927"}],"wp:attachment":[{"href":"https:\/\/revista.glifing.com\/ca\/wp-json\/wp\/v2\/media?parent=4828"}],"curies":[{"name":"wp","href":"https:\/\/api.w.org\/{rel}","templated":true}]}}